{"id":12798,"date":"2025-09-09T13:22:02","date_gmt":"2025-09-09T10:22:02","guid":{"rendered":"https:\/\/thorman.ee\/treppide-valmistamine\/piirded-treppidele\/"},"modified":"2026-02-03T23:28:01","modified_gmt":"2026-02-03T21:28:01","slug":"treppengelaender","status":"publish","type":"page","link":"https:\/\/thorman.ee\/de\/treppenherstellung\/treppengelaender\/","title":{"rendered":"Piirded treppidele"},"content":{"rendered":"<!--themify_builder_content-->\n<div id=\"themify_builder_content-12798\" data-postid=\"12798\" class=\"themify_builder_content themify_builder_content-12798 themify_builder tf_clear\">\n                    <div  data-css_id=\"mo58221\" data-lazy=\"1\" class=\"module_row themify_builder_row fullwidth tb_mo58221 tb_first tf_w\">\n            <span  class=\"builder_row_cover tf_abs\" data-lazy=\"1\"><\/span><span class=\"tb_row_frame_wrap tf_overflow tf_abs\" data-lazy=\"1\"><span class=\"tb_row_frame tb_row_frame_bottom  tf_abs tf_hide tf_overflow tf_w\"><\/span><\/span>            <div class=\"row_inner col_align_middle gutter-none tb_col_count_2 tf_box tf_rel\">\n                        <div  data-lazy=\"1\" class=\"module_column tb-column col4-2 tb_je1z221 first\">\n                    <!-- module text -->\n<div  class=\"module module-text tb_jcys221   \" data-lazy=\"1\">\n        <div  class=\"tb_text_wrap\">\n        <h1 style=\"text-align: center;\">Treppengel\u00e4nder<\/h1>    <\/div>\n<\/div>\n<!-- \/module text -->        <\/div>\n                    <div  data-lazy=\"1\" class=\"module_column tb-column col4-2 tb_v9u3221 last\">\n                            <\/div>\n                        <\/div>\n        <\/div>\n                        <div  data-lazy=\"1\" class=\"module_row themify_builder_row tb_4fw4221 tf_w\">\n                        <div class=\"row_inner col_align_top tb_col_count_2 tf_box tf_rel\">\n                        <div  data-lazy=\"1\" class=\"module_column tb-column col4-2 tb_cfe4221 first\">\n                    <!-- module image -->\n<div  class=\"module module-image tb_lnli221 image-top   tf_mw\" data-lazy=\"1\">\n        <div class=\"image-wrap tf_rel tf_mw\">\n            <img loading=\"lazy\" decoding=\"async\" width=\"600\" height=\"600\" src=\"https:\/\/thorman.ee\/wp-content\/uploads\/2021\/02\/Piirded-treppidele.jpg\" class=\"wp-post-image wp-image-10324\" title=\"Piirded treppidele\" alt=\"Piirded treppidele\" srcset=\"https:\/\/thorman.ee\/wp-content\/uploads\/2021\/02\/Piirded-treppidele.jpg 600w, https:\/\/thorman.ee\/wp-content\/uploads\/2021\/02\/Piirded-treppidele-300x300.jpg 300w, https:\/\/thorman.ee\/wp-content\/uploads\/2021\/02\/Piirded-treppidele-150x150.jpg 150w, https:\/\/thorman.ee\/wp-content\/uploads\/2021\/02\/Piirded-treppidele-100x100.jpg 100w\" sizes=\"auto, (max-width: 600px) 100vw, 600px\" \/>    \n        <\/div>\n    <!-- \/image-wrap -->\n    \n        <\/div>\n<!-- \/module image -->        <\/div>\n                    <div  data-lazy=\"1\" class=\"module_column tb-column col4-2 tb_kz3z221 last\">\n                    <!-- module text -->\n<div  class=\"module module-text tb_pkan221   \" data-lazy=\"1\">\n        <div  class=\"tb_text_wrap\">\n        <p data-start=\"960\" data-end=\"1241\">Gel\u00e4nder f\u00fcr Treppen und Podeste erf\u00fcllen in Ihrer Innenraumgestaltung sowohl \u00e4sthetische als auch funktionale Aufgaben. Sie verleihen Ihrem Zuhause Sch\u00f6nheit und sorgen daf\u00fcr, dass Ihre Treppen und Balkone sicher sind. Wir bieten den Verkauf und die Montage von Innengel\u00e4ndern an.<\/p>\n<p data-start=\"1243\" data-end=\"1440\">Unsere Innengel\u00e4nder sind in verschiedenen Designs und Konzepten erh\u00e4ltlich. Sie k\u00f6nnen aus den Materialien w\u00e4hlen, die wir f\u00fcr unsere Gel\u00e4nder verwenden, wie Aluminium, Stahl, Edelstahl oder Glas.<\/p>\n<p data-start=\"1442\" data-end=\"1665\">Nachdem Sie Ihre Gel\u00e4nder ausgew\u00e4hlt haben, fertigen wir sie gem\u00e4\u00df den Bauvorschriften, einschlie\u00dflich der Standardma\u00dfe und -h\u00f6hen f\u00fcr Handl\u00e4ufe. Zu Ihrer Bequemlichkeit bieten wir auch einen Montageservice f\u00fcr Gel\u00e4nder an.<\/p>\n<p data-start=\"1667\" data-end=\"1816\">Eine Auswahl der von uns angebotenen Gel\u00e4nder k\u00f6nnen Sie auf unserer Website ansehen und diejenigen ausw\u00e4hlen, die zu Ihrem Haus oder Geb\u00e4ude passen.<\/p>\n<p data-start=\"1818\" data-end=\"1890\">Details zur Herstellung von Gel\u00e4ndern finden Sie in unserem Online-Shop.<\/p>    <\/div>\n<\/div>\n<!-- \/module text -->        <\/div>\n                        <\/div>\n        <\/div>\n                        <div  data-anchor=\"kysi-pakkumist\" data-hide-anchor=\"1\" data-css_id=\"190a221\" data-lazy=\"1\" class=\"module_row themify_builder_row fullwidth_row_container tb_has_section tb_section-kysi-pakkumist tb_190a221 tf_w wow\" data-tf-animation=\"fadeIn\" data-tf-animation_delay=\".3\">\n                        <div class=\"row_inner col_align_top tb_col_count_1 tf_box tf_rel\">\n                        <div  data-lazy=\"1\" class=\"module_column tb-column col-full tb_pm0o221 first\">\n                            <div  data-lazy=\"1\" class=\"module_subrow themify_builder_sub_row tf_w col_align_top tb_col_count_1 tb_3t0f221\">\n                <div  data-lazy=\"1\" class=\"module_column sub_column col-full tb_bwau221 first\">\n                    <!-- module text -->\n<div  class=\"module module-text tb_nuj9221   \" data-lazy=\"1\">\n        <div  class=\"tb_text_wrap\">\n        <h2><strong>Anfrage senden<\/strong><\/h2>    <\/div>\n<\/div>\n<!-- \/module text -->        <\/div>\n                    <\/div>\n                <div  data-lazy=\"1\" class=\"module_subrow themify_builder_sub_row tf_w col_align_top tb_col_count_2 tb_a5tx221\">\n                <div  data-lazy=\"1\" class=\"module_column sub_column col4-2 tb_qx9c221 first\">\n                    <!-- module text -->\n<div  class=\"module module-text tb_68js221   \" data-lazy=\"1\">\n        <div  class=\"tb_text_wrap\">\n        \n<div class=\"wpcf7 no-js\" id=\"wpcf7-f9887-o1\" lang=\"et\" dir=\"ltr\" data-wpcf7-id=\"9887\">\n<div class=\"screen-reader-response\"><p role=\"status\" aria-live=\"polite\" aria-atomic=\"true\"><\/p> <ul><\/ul><\/div>\n<form action=\"\/de\/wp-json\/wp\/v2\/pages\/12798#wpcf7-f9887-o1\" method=\"post\" class=\"wpcf7-form init\" aria-label=\"Contact form\" enctype=\"multipart\/form-data\" novalidate=\"novalidate\" data-status=\"init\">\n<fieldset class=\"hidden-fields-container\"><input type=\"hidden\" name=\"_wpcf7\" value=\"9887\" \/><input type=\"hidden\" name=\"_wpcf7_version\" value=\"6.1.5\" \/><input type=\"hidden\" name=\"_wpcf7_locale\" value=\"et\" \/><input type=\"hidden\" name=\"_wpcf7_unit_tag\" value=\"wpcf7-f9887-o1\" \/><input type=\"hidden\" name=\"_wpcf7_container_post\" value=\"0\" \/><input type=\"hidden\" name=\"_wpcf7_posted_data_hash\" value=\"\" \/><input type=\"hidden\" name=\"_wpcf7_recaptcha_response\" value=\"\" \/>\n<\/fieldset>\n<div class=\"responsive-form clearfixa uppercase\" id=\"scroll\">\n\t<div class=\"form-row\" style=\"display:none;\">\n\t\t<div class=\"column-full\">\n\t\t\t<p><span class=\"wpcf7-form-control-wrap\" data-name=\"valitudleht\"><input size=\"40\" maxlength=\"400\" class=\"wpcf7-form-control wpcf7-text page-info\" aria-invalid=\"false\" value=\"\" type=\"text\" name=\"valitudleht\" \/><\/span>\n\t\t\t<\/p>\n\t\t<\/div>\n\t<\/div>\n\t<div class=\"form-row\">\n\t\t<div class=\"column-full\">\n\t\t\t<p><label><span class=\"cf7-heading\">Nimi<\/span><span style=\"color:#000;\">*<\/span><br \/>\n<span class=\"wpcf7-form-control-wrap\" data-name=\"nimi\"><input size=\"40\" maxlength=\"400\" class=\"wpcf7-form-control wpcf7-text wpcf7-validates-as-required\" aria-required=\"true\" aria-invalid=\"false\" value=\"\" type=\"text\" name=\"nimi\" \/><\/span><\/label>\n\t\t\t<\/p>\n\t\t<\/div>\n\t<\/div>\n\t<div class=\"form-row\">\n\t\t<div class=\"column-full\">\n\t\t\t<p><label><span class=\"cf7-heading\">E-post<\/span><span style=\"color:#000;\">*<\/span><br \/>\n<span class=\"wpcf7-form-control-wrap\" data-name=\"email\"><input size=\"40\" maxlength=\"400\" class=\"wpcf7-form-control wpcf7-email wpcf7-validates-as-required wpcf7-text wpcf7-validates-as-email\" aria-required=\"true\" aria-invalid=\"false\" value=\"\" type=\"email\" name=\"email\" \/><\/span><\/label>\n\t\t\t<\/p>\n\t\t<\/div>\n\t<\/div>\n\t<div class=\"form-row\">\n\t\t<div class=\"column-full\">\n\t\t\t<p><label><span class=\"cf7-heading\">Telefon<\/span><span style=\"color:#000;\">*<\/span><br \/>\n<span class=\"wpcf7-form-control-wrap\" data-name=\"telefon\"><input size=\"40\" maxlength=\"400\" class=\"wpcf7-form-control wpcf7-text wpcf7-validates-as-required\" aria-required=\"true\" aria-invalid=\"false\" value=\"\" type=\"text\" name=\"telefon\" \/><\/span><\/label>\n\t\t\t<\/p>\n\t\t<\/div>\n\t<\/div>\n\t<div class=\"column-full\">\n\t\t<p><label><span class=\"cf7-heading\">Lisainfo<\/span><br \/>\n<span class=\"wpcf7-form-control-wrap\" data-name=\"textarea-862\"><textarea cols=\"40\" rows=\"8\" maxlength=\"2000\" class=\"wpcf7-form-control wpcf7-textarea\" aria-invalid=\"false\" name=\"textarea-862\"><\/textarea><\/span><\/label>\n\t\t<\/p>\n\t<\/div>\n<\/div>\n<div class=\"form-row\">\n\t<div class=\"column-full\">\n\t\t<p><label><span class=\"cf7-heading\">Lae \u00fcles fail<\/span><br \/>\n<span class=\"wpcf7-form-control-wrap\" data-name=\"file-41\"><input size=\"40\" class=\"wpcf7-form-control wpcf7-file\" accept=\".jpg,.jpeg,.png,.gif,.doc,.docx,.pdf\" aria-invalid=\"false\" type=\"file\" name=\"file-41\" \/><\/span><\/label>\n\t\t<\/p>\n\t<\/div>\n<\/div>\n<div class=\"form-row\">\n\t<div class=\"column-full\">\n\t\t<p>&nbsp;\n\t\t<\/p>\n\t<\/div>\n<\/div>\n<div class=\"form-row\">\n\t<div class=\"column-full\">\n\t<div class=\"wpcf7-response-output\" aria-hidden=\"true\"><\/div>\n\t<\/div>\n<\/div>\n<div class=\"form-row\">\n\t<div class=\"column-full\">\n\t\t<div style=\"text-align:center;\">\n\t\t\t<p><input class=\"wpcf7-form-control wpcf7-submit has-spinner\" type=\"submit\" value=\"Saada\" \/>\n\t\t\t<\/p>\n\t\t<\/div>\n\t<\/div>\n<\/div>\n\n<\/form>\n<\/div>\n    <\/div>\n<\/div>\n<!-- \/module text --><!-- module text -->\n<div  class=\"module module-text tb_uhmt221   \" data-lazy=\"1\">\n        <div  class=\"tb_text_wrap\">\n        <p><span class=\"pageinfo\" style=\"display: none;\">Piirded treppidele<\/span><\/p>\n    <\/div>\n<\/div>\n<!-- \/module text -->        <\/div>\n                    <div  data-lazy=\"1\" class=\"module_column sub_column col3-1 tb_0ez3221 last\">\n                    <!-- module icon -->\n<div  class=\"module module-icon tb_sgxv221  large  icon_horizontal  hide-mobile\" data-lazy=\"1\">\n\t\t\t<div class=\"module-icon-item\">\n\t\t\t\t\t\t\t<a href=\"tel:+3725177789\">\n\t\t\t\t\t\t\t\t\t\t\t\t\t\t\t\t\t<em class=\"tf_box\"\n\t\t\t\t\t\t\t\t\t\t\t\t style=\"color:#000000\"\t\t\t\t\t><svg  class=\"tf_fa tf-fas-mobile-alt\" xmlns:xlink=\"http:\/\/www.w3.org\/1999\/xlink\" aria-hidden=\"true\"><use href=\"#tf-fas-mobile-alt\" xlink:href=\"#tf-fas-mobile-alt\"><\/use><\/svg><\/em>\n\t\t\t\t\t\t\t\t\t\t\t\t\t\t\t\t\t\t\t<span>+372 517 7789<\/span>\n\t\t\t\t\t\t\t\t\t\t\t\t\t\t\t\t\t<\/a>\n\t\t\t\t\t<\/div>\n\t<\/div>\n<!-- \/module icon -->\n<!-- module icon -->\n<div  class=\"module module-icon tb_g187221  large  icon_horizontal  hide-mobile\" data-lazy=\"1\">\n\t\t\t<div class=\"module-icon-item\">\n\t\t\t\t\t\t\t<a href=\"mailto:thorman@thorman.ee\">\n\t\t\t\t\t\t\t\t\t\t\t\t\t\t\t\t\t<em class=\"tf_box\"\n\t\t\t\t\t\t\t\t\t\t\t\t style=\"color:#000000\"\t\t\t\t\t><svg  class=\"tf_fa tf-far-envelope\" xmlns:xlink=\"http:\/\/www.w3.org\/1999\/xlink\" aria-hidden=\"true\"><use href=\"#tf-far-envelope\" xlink:href=\"#tf-far-envelope\"><\/use><\/svg><\/em>\n\t\t\t\t\t\t\t\t\t\t\t\t\t\t\t\t\t\t\t<span>thorman@thorman.ee<\/span>\n\t\t\t\t\t\t\t\t\t\t\t\t\t\t\t\t\t<\/a>\n\t\t\t\t\t<\/div>\n\t<\/div>\n<!-- \/module icon -->\n<!-- module icon -->\n<div  class=\"module module-icon tb_hyuk221  large  icon_horizontal  hide-mobile\" data-lazy=\"1\">\n\t\t\t<div class=\"module-icon-item\">\n\t\t\t\t\t\t\t<a href=\"https:\/\/www.google.ee\/maps\/place\/Thormani+sepikoda\/@58.3146595,24.6067623,17z\/data=!4m14!1m7!3m6!1s0x46ecfbb7e9201075:0x9ac1631902eaa227!2zRXRub0FydCBLw6RzaXTDtsO2cG9vZA!8m2!3d58.3146545!4d24.6076771!16s%2Fg%2F11d_8gvh_k!3m5!1s0x46ecfbb7fd5b2b23:0x4e3f7a3905f7a29d!8m2!3d58.3148948!4d24.6074961!16s%2Fg%2F11bwqb95rd\">\n\t\t\t\t\t\t\t\t\t\t\t\t\t\t\t\t\t<em class=\"tf_box\"\n\t\t\t\t\t\t\t\t\t\t\t\t style=\"color:#000000\"\t\t\t\t\t><svg  class=\"tf_fa tf-ti-location-pin\" xmlns:xlink=\"http:\/\/www.w3.org\/1999\/xlink\" aria-hidden=\"true\"><use href=\"#tf-ti-location-pin\" xlink:href=\"#tf-ti-location-pin\"><\/use><\/svg><\/em>\n\t\t\t\t\t\t\t\t\t\t\t\t\t\t\t\t\t\t\t<span>Thormani Sepikoda, Reiu K\u00fcla, Eesti<\/span>\n\t\t\t\t\t\t\t\t\t\t\t\t\t\t\t\t\t<\/a>\n\t\t\t\t\t<\/div>\n\t<\/div>\n<!-- \/module icon -->\n        <\/div>\n                    <\/div>\n                <\/div>\n                        <\/div>\n        <\/div>\n        <\/div>\n<!--\/themify_builder_content-->","protected":false},"excerpt":{"rendered":"<p>Treppengel\u00e4nder<\/p>\n","protected":false},"author":1,"featured_media":12111,"parent":12764,"menu_order":0,"comment_status":"closed","ping_status":"closed","template":"","meta":{"footnotes":""},"class_list":["post-12798","page","type-page","status-publish","has-post-thumbnail","hentry","has-post-title","has-post-date","has-post-category","has-post-tag","has-post-comment","has-post-author",""],"yoast_head":"<!-- This site is optimized with the Yoast SEO plugin v27.2 - https:\/\/yoast.com\/product\/yoast-seo-wordpress\/ -->\n<title>Treppengel\u00e4nder | Thorman<\/title>\n<meta name=\"description\" content=\"Entdecken Sie unsere Auswahl an Treppengel\u00e4ndern, die Sicherheit und \u00c4sthetik im Innenbereich verbessern. W\u00e4hlen Sie aus Aluminium...\" \/>\n<meta name=\"robots\" content=\"index, follow, max-snippet:-1, max-image-preview:large, max-video-preview:-1\" \/>\n<link rel=\"canonical\" href=\"https:\/\/thorman.ee\/de\/treppenherstellung\/treppengelaender\/\" \/>\n<meta property=\"og:locale\" content=\"de_DE\" \/>\n<meta property=\"og:type\" content=\"article\" \/>\n<meta property=\"og:title\" content=\"Piirded treppidele | Thorman\" \/>\n<meta property=\"og:description\" content=\"Piirded treppidele lisavad teie kodule ilu ning muudavad teie trepid ja r\u00f5dud ohutuks. akume sise-piirete m\u00fc\u00fcki ja paigaldamist.\" \/>\n<meta property=\"og:url\" content=\"https:\/\/thorman.ee\/de\/treppenherstellung\/treppengelaender\/\" \/>\n<meta property=\"og:site_name\" content=\"Thorman\" \/>\n<meta property=\"article:publisher\" content=\"https:\/\/www.facebook.com\/pages\/Thorman\/244234893981\" \/>\n<meta property=\"article:modified_time\" content=\"2026-02-03T21:28:01+00:00\" \/>\n<meta property=\"og:image\" content=\"https:\/\/thorman.ee\/wp-content\/uploads\/2021\/02\/Piirded-treppidele-1-300x300.jpg\" \/>\n<meta name=\"twitter:card\" content=\"summary_large_image\" \/>\n<meta name=\"twitter:label1\" content=\"Gesch\u00e4tzte Lesezeit\" \/>\n\t<meta name=\"twitter:data1\" content=\"2\u00a0Minuten\" \/>\n<script type=\"application\/ld+json\" class=\"yoast-schema-graph\">{\"@context\":\"https:\/\/schema.org\",\"@graph\":[{\"@type\":\"WebPage\",\"@id\":\"https:\/\/thorman.ee\/de\/treppenherstellung\/treppengelaender\/\",\"url\":\"https:\/\/thorman.ee\/de\/treppenherstellung\/treppengelaender\/\",\"name\":\"Treppengel\u00e4nder | Thorman\",\"isPartOf\":{\"@id\":\"https:\/\/thorman.ee\/#website\"},\"primaryImageOfPage\":{\"@id\":\"https:\/\/thorman.ee\/de\/treppenherstellung\/treppengelaender\/#primaryimage\"},\"image\":{\"@id\":\"https:\/\/thorman.ee\/de\/treppenherstellung\/treppengelaender\/#primaryimage\"},\"thumbnailUrl\":\"https:\/\/thorman.ee\/wp-content\/uploads\/2021\/10\/Needitud-metallpiirded-kesktalal-trepile.jpg\",\"datePublished\":\"2025-09-09T10:22:02+00:00\",\"dateModified\":\"2026-02-03T21:28:01+00:00\",\"description\":\"Entdecken Sie unsere Auswahl an Treppengel\u00e4ndern, die Sicherheit und \u00c4sthetik im Innenbereich verbessern. W\u00e4hlen Sie aus Aluminium...\",\"breadcrumb\":{\"@id\":\"https:\/\/thorman.ee\/de\/treppenherstellung\/treppengelaender\/#breadcrumb\"},\"inLanguage\":\"de\",\"potentialAction\":[{\"@type\":\"ReadAction\",\"target\":[\"https:\/\/thorman.ee\/de\/treppenherstellung\/treppengelaender\/\"]}]},{\"@type\":\"ImageObject\",\"inLanguage\":\"de\",\"@id\":\"https:\/\/thorman.ee\/de\/treppenherstellung\/treppengelaender\/#primaryimage\",\"url\":\"https:\/\/thorman.ee\/wp-content\/uploads\/2021\/10\/Needitud-metallpiirded-kesktalal-trepile.jpg\",\"contentUrl\":\"https:\/\/thorman.ee\/wp-content\/uploads\/2021\/10\/Needitud-metallpiirded-kesktalal-trepile.jpg\",\"width\":750,\"height\":1000,\"caption\":\"Needitud metallpiirded kesktalal trepile\"},{\"@type\":\"BreadcrumbList\",\"@id\":\"https:\/\/thorman.ee\/de\/treppenherstellung\/treppengelaender\/#breadcrumb\",\"itemListElement\":[{\"@type\":\"ListItem\",\"position\":1,\"name\":\"Treppide valmistamine\",\"item\":\"https:\/\/thorman.ee\/de\/treppenherstellung\/\"},{\"@type\":\"ListItem\",\"position\":2,\"name\":\"Piirded treppidele\"}]},{\"@type\":\"WebSite\",\"@id\":\"https:\/\/thorman.ee\/#website\",\"url\":\"https:\/\/thorman.ee\/\",\"name\":\"Thorman\",\"description\":\"\",\"potentialAction\":[{\"@type\":\"SearchAction\",\"target\":{\"@type\":\"EntryPoint\",\"urlTemplate\":\"https:\/\/thorman.ee\/?s={search_term_string}\"},\"query-input\":{\"@type\":\"PropertyValueSpecification\",\"valueRequired\":true,\"valueName\":\"search_term_string\"}}],\"inLanguage\":\"de\"}]}<\/script>\n<!-- \/ Yoast SEO plugin. -->","yoast_head_json":{"title":"Treppengel\u00e4nder | Thorman","description":"Entdecken Sie unsere Auswahl an Treppengel\u00e4ndern, die Sicherheit und \u00c4sthetik im Innenbereich verbessern. W\u00e4hlen Sie aus Aluminium...","robots":{"index":"index","follow":"follow","max-snippet":"max-snippet:-1","max-image-preview":"max-image-preview:large","max-video-preview":"max-video-preview:-1"},"canonical":"https:\/\/thorman.ee\/de\/treppenherstellung\/treppengelaender\/","og_locale":"de_DE","og_type":"article","og_title":"Piirded treppidele | Thorman","og_description":"Piirded treppidele lisavad teie kodule ilu ning muudavad teie trepid ja r\u00f5dud ohutuks. akume sise-piirete m\u00fc\u00fcki ja paigaldamist.","og_url":"https:\/\/thorman.ee\/de\/treppenherstellung\/treppengelaender\/","og_site_name":"Thorman","article_publisher":"https:\/\/www.facebook.com\/pages\/Thorman\/244234893981","article_modified_time":"2026-02-03T21:28:01+00:00","og_image":[{"url":"https:\/\/thorman.ee\/wp-content\/uploads\/2021\/02\/Piirded-treppidele-1-300x300.jpg","type":"","width":"","height":""}],"twitter_card":"summary_large_image","twitter_misc":{"Gesch\u00e4tzte Lesezeit":"2\u00a0Minuten"},"schema":{"@context":"https:\/\/schema.org","@graph":[{"@type":"WebPage","@id":"https:\/\/thorman.ee\/de\/treppenherstellung\/treppengelaender\/","url":"https:\/\/thorman.ee\/de\/treppenherstellung\/treppengelaender\/","name":"Treppengel\u00e4nder | Thorman","isPartOf":{"@id":"https:\/\/thorman.ee\/#website"},"primaryImageOfPage":{"@id":"https:\/\/thorman.ee\/de\/treppenherstellung\/treppengelaender\/#primaryimage"},"image":{"@id":"https:\/\/thorman.ee\/de\/treppenherstellung\/treppengelaender\/#primaryimage"},"thumbnailUrl":"https:\/\/thorman.ee\/wp-content\/uploads\/2021\/10\/Needitud-metallpiirded-kesktalal-trepile.jpg","datePublished":"2025-09-09T10:22:02+00:00","dateModified":"2026-02-03T21:28:01+00:00","description":"Entdecken Sie unsere Auswahl an Treppengel\u00e4ndern, die Sicherheit und \u00c4sthetik im Innenbereich verbessern. W\u00e4hlen Sie aus Aluminium...","breadcrumb":{"@id":"https:\/\/thorman.ee\/de\/treppenherstellung\/treppengelaender\/#breadcrumb"},"inLanguage":"de","potentialAction":[{"@type":"ReadAction","target":["https:\/\/thorman.ee\/de\/treppenherstellung\/treppengelaender\/"]}]},{"@type":"ImageObject","inLanguage":"de","@id":"https:\/\/thorman.ee\/de\/treppenherstellung\/treppengelaender\/#primaryimage","url":"https:\/\/thorman.ee\/wp-content\/uploads\/2021\/10\/Needitud-metallpiirded-kesktalal-trepile.jpg","contentUrl":"https:\/\/thorman.ee\/wp-content\/uploads\/2021\/10\/Needitud-metallpiirded-kesktalal-trepile.jpg","width":750,"height":1000,"caption":"Needitud metallpiirded kesktalal trepile"},{"@type":"BreadcrumbList","@id":"https:\/\/thorman.ee\/de\/treppenherstellung\/treppengelaender\/#breadcrumb","itemListElement":[{"@type":"ListItem","position":1,"name":"Treppide valmistamine","item":"https:\/\/thorman.ee\/de\/treppenherstellung\/"},{"@type":"ListItem","position":2,"name":"Piirded treppidele"}]},{"@type":"WebSite","@id":"https:\/\/thorman.ee\/#website","url":"https:\/\/thorman.ee\/","name":"Thorman","description":"","potentialAction":[{"@type":"SearchAction","target":{"@type":"EntryPoint","urlTemplate":"https:\/\/thorman.ee\/?s={search_term_string}"},"query-input":{"@type":"PropertyValueSpecification","valueRequired":true,"valueName":"search_term_string"}}],"inLanguage":"de"}]}},"builder_content":"<h1 style=\"text-align: center;\">Treppengel\u00e4nder<\/h1>\n<img src=\"https:\/\/thorman.ee\/wp-content\/uploads\/2021\/02\/Piirded-treppidele.jpg\" title=\"Piirded treppidele\" alt=\"Piirded treppidele\" srcset=\"https:\/\/thorman.ee\/wp-content\/uploads\/2021\/02\/Piirded-treppidele.jpg 600w, https:\/\/thorman.ee\/wp-content\/uploads\/2021\/02\/Piirded-treppidele-300x300.jpg 300w, https:\/\/thorman.ee\/wp-content\/uploads\/2021\/02\/Piirded-treppidele-150x150.jpg 150w, https:\/\/thorman.ee\/wp-content\/uploads\/2021\/02\/Piirded-treppidele-100x100.jpg 100w\" sizes=\"(max-width: 600px) 100vw, 600px\" \/>\n<p data-start=\"960\" data-end=\"1241\">Gel\u00e4nder f\u00fcr Treppen und Podeste erf\u00fcllen in Ihrer Innenraumgestaltung sowohl \u00e4sthetische als auch funktionale Aufgaben. Sie verleihen Ihrem Zuhause Sch\u00f6nheit und sorgen daf\u00fcr, dass Ihre Treppen und Balkone sicher sind. Wir bieten den Verkauf und die Montage von Innengel\u00e4ndern an.<\/p> <p data-start=\"1243\" data-end=\"1440\">Unsere Innengel\u00e4nder sind in verschiedenen Designs und Konzepten erh\u00e4ltlich. Sie k\u00f6nnen aus den Materialien w\u00e4hlen, die wir f\u00fcr unsere Gel\u00e4nder verwenden, wie Aluminium, Stahl, Edelstahl oder Glas.<\/p> <p data-start=\"1442\" data-end=\"1665\">Nachdem Sie Ihre Gel\u00e4nder ausgew\u00e4hlt haben, fertigen wir sie gem\u00e4\u00df den Bauvorschriften, einschlie\u00dflich der Standardma\u00dfe und -h\u00f6hen f\u00fcr Handl\u00e4ufe. Zu Ihrer Bequemlichkeit bieten wir auch einen Montageservice f\u00fcr Gel\u00e4nder an.<\/p> <p data-start=\"1667\" data-end=\"1816\">Eine Auswahl der von uns angebotenen Gel\u00e4nder k\u00f6nnen Sie auf unserer Website ansehen und diejenigen ausw\u00e4hlen, die zu Ihrem Haus oder Geb\u00e4ude passen.<\/p> <p data-start=\"1818\" data-end=\"1890\">Details zur Herstellung von Gel\u00e4ndern finden Sie in unserem Online-Shop.<\/p>\n<h2><strong>Anfrage senden<\/strong><\/h2>\n<p>[contact-form-7 id=\"9887\" title=\"P\u00e4ringuvorm_uus\"]<\/p>\n<p>Piirded treppidele<\/p>\n<a href=\"tel:+3725177789\"> <em style=\"color:#000000\" ><svg xmlns:xlink=\"http:\/\/www.w3.org\/1999\/xlink\" aria-hidden=\"true\"><use href=\"#tf-fas-mobile-alt\" xlink:href=\"#tf-fas-mobile-alt\"><\/use><\/svg><\/em> +372 517 7789 <\/a>\n<a href=\"mailto:thorman@thorman.ee\"> <em style=\"color:#000000\" ><svg xmlns:xlink=\"http:\/\/www.w3.org\/1999\/xlink\" aria-hidden=\"true\"><use href=\"#tf-far-envelope\" xlink:href=\"#tf-far-envelope\"><\/use><\/svg><\/em> thorman@thorman.ee <\/a>\n<a href=\"https:\/\/www.google.ee\/maps\/place\/Thormani+sepikoda\/@58.3146595,24.6067623,17z\/data=!4m14!1m7!3m6!1s0x46ecfbb7e9201075:0x9ac1631902eaa227!2zRXRub0FydCBLw6RzaXTDtsO2cG9vZA!8m2!3d58.3146545!4d24.6076771!16s%2Fg%2F11d_8gvh_k!3m5!1s0x46ecfbb7fd5b2b23:0x4e3f7a3905f7a29d!8m2!3d58.3148948!4d24.6074961!16s%2Fg%2F11bwqb95rd\"> <em style=\"color:#000000\" ><svg xmlns:xlink=\"http:\/\/www.w3.org\/1999\/xlink\" aria-hidden=\"true\"><use href=\"#tf-ti-location-pin\" xlink:href=\"#tf-ti-location-pin\"><\/use><\/svg><\/em> Thormani Sepikoda, Reiu K\u00fcla, Eesti <\/a>","_links":{"self":[{"href":"https:\/\/thorman.ee\/de\/wp-json\/wp\/v2\/pages\/12798","targetHints":{"allow":["GET"]}}],"collection":[{"href":"https:\/\/thorman.ee\/de\/wp-json\/wp\/v2\/pages"}],"about":[{"href":"https:\/\/thorman.ee\/de\/wp-json\/wp\/v2\/types\/page"}],"author":[{"embeddable":true,"href":"https:\/\/thorman.ee\/de\/wp-json\/wp\/v2\/users\/1"}],"replies":[{"embeddable":true,"href":"https:\/\/thorman.ee\/de\/wp-json\/wp\/v2\/comments?post=12798"}],"version-history":[{"count":9,"href":"https:\/\/thorman.ee\/de\/wp-json\/wp\/v2\/pages\/12798\/revisions"}],"predecessor-version":[{"id":13640,"href":"https:\/\/thorman.ee\/de\/wp-json\/wp\/v2\/pages\/12798\/revisions\/13640"}],"up":[{"embeddable":true,"href":"https:\/\/thorman.ee\/de\/wp-json\/wp\/v2\/pages\/12764"}],"wp:featuredmedia":[{"embeddable":true,"href":"https:\/\/thorman.ee\/de\/wp-json\/wp\/v2\/media\/12111"}],"wp:attachment":[{"href":"https:\/\/thorman.ee\/de\/wp-json\/wp\/v2\/media?parent=12798"}],"curies":[{"name":"wp","href":"https:\/\/api.w.org\/{rel}","templated":true}]}}