{"id":15371,"date":"2026-03-16T13:22:02","date_gmt":"2026-03-16T11:22:02","guid":{"rendered":"https:\/\/thorman.ee\/blogi\/"},"modified":"2026-03-16T17:53:27","modified_gmt":"2026-03-16T15:53:27","slug":"blogi","status":"publish","type":"page","link":"https:\/\/thorman.ee\/de\/blogi\/","title":{"rendered":"Blogi"},"content":{"rendered":"<!--themify_builder_content-->\n<div id=\"themify_builder_content-15371\" data-postid=\"15371\" class=\"themify_builder_content themify_builder_content-15371 themify_builder tf_clear\">\n                    <div  data-anchor=\"content\" data-hide-anchor=\"1\" data-lazy=\"1\" class=\"module_row themify_builder_row tb_has_section tb_section-content tb_eefc122 tb_first tf_w\">\n                        <div class=\"row_inner col_align_top tb_col_count_1 tf_box tf_rel\">\n                        <div  data-lazy=\"1\" class=\"module_column tb-column col-full tb_aqp4122 first\">\n                            <div  data-lazy=\"1\" class=\"module_subrow themify_builder_sub_row tf_w col_align_top tb_col_count_1 tb_bdey122\">\n                <div  data-lazy=\"1\" class=\"module_column sub_column col-full tb_pvzr122 first\">\n                    <!-- module menu -->\n<div  class=\"module module-menu tb_q03r122  mobile-menu-slide\" data-menu-style=\"mobile-menu-slide\" data-menu-breakpoint=\"0\" data-element-id=\"tb_q03r122\" data-lazy=\"1\">\n        \n    <div class=\"module-menu-container\"><ul id=\"menu-main\" class=\"ui tf_clearfix nav tf_rel tf_scrollbar  transparent\"><li id=\"menu-item-10105\" class=\"menu-item-page-9854 menu-item menu-item-type-post_type menu-item-object-page menu-item-10105\"><a href=\"https:\/\/thorman.ee\/test-avaleht\/\">Avaleht<\/a><\/li>\n<li id=\"menu-item-674\" class=\"menu-item-page-652 menu-item menu-item-type-post_type menu-item-object-page menu-item-has-children menu-item-674\"><a href=\"https:\/\/thorman.ee\/teenused-1\/\">Teenused<span class=\"child-arrow closed\" tabindex=\"-1\"><\/span><\/a>\n<ul class=\"sub-menu\">\n\t<li id=\"menu-item-14085\" class=\"menu-item-page-13967 menu-item menu-item-type-post_type menu-item-object-page menu-item-14085 menu-page-13967-parent-674\"><a href=\"https:\/\/thorman.ee\/pressimine-ja-stantsimine\/\">Pressimine, stantsimine<\/a><\/li>\n\t<li id=\"menu-item-13804\" class=\"menu-item-page-13757 menu-item menu-item-type-post_type menu-item-object-page menu-item-13804 menu-page-13757-parent-674\"><a href=\"https:\/\/thorman.ee\/laserloikus-ja-graveerimine\/\">Lasergraveerimine<\/a><\/li>\n\t<li id=\"menu-item-14141\" class=\"menu-item-page-14101 menu-item menu-item-type-post_type menu-item-object-page menu-item-14141 menu-page-14101-parent-674\"><a href=\"https:\/\/thorman.ee\/projekteerimine-cad-cam\/\">Projekteerimine CAD\/CAM<\/a><\/li>\n<\/ul>\n<\/li>\n<li id=\"menu-item-3140\" class=\"menu-item-custom-3140 menu-item menu-item-type-custom menu-item-object-custom menu-item-has-children menu-item-3140\"><a href=\"https:\/\/thorman.ee\/eritellimusel-metallitood\/\">Tooted<span class=\"child-arrow closed\" tabindex=\"-1\"><\/span><\/a>\n<ul class=\"sub-menu\">\n\t<li id=\"menu-item-12750\" class=\"menu-item-page-12610 menu-item menu-item-type-post_type menu-item-object-page menu-item-has-children menu-item-12750 menu-page-12610-parent-3140\"><a href=\"https:\/\/thorman.ee\/treppide-valmistamine\/\">Treppide valmistamine<span class=\"child-arrow closed\" tabindex=\"-1\"><\/span><\/a>\n\t<ul class=\"sub-menu\">\n\t\t<li id=\"menu-item-12760\" class=\"menu-item-page-12660 menu-item menu-item-type-post_type menu-item-object-page menu-item-12760 menu-page-12660-parent-12750\"><a href=\"https:\/\/thorman.ee\/treppide-valmistamine\/i-trepid\/\">I-trepid<\/a><\/li>\n\t\t<li id=\"menu-item-12759\" class=\"menu-item-page-12671 menu-item menu-item-type-post_type menu-item-object-page menu-item-12759 menu-page-12671-parent-12750\"><a href=\"https:\/\/thorman.ee\/treppide-valmistamine\/u-trepid\/\">U-trepid<\/a><\/li>\n\t\t<li id=\"menu-item-12758\" class=\"menu-item-page-12683 menu-item menu-item-type-post_type menu-item-object-page menu-item-12758 menu-page-12683-parent-12750\"><a href=\"https:\/\/thorman.ee\/treppide-valmistamine\/l-trepid\/\">L-trepid<\/a><\/li>\n\t\t<li id=\"menu-item-12756\" class=\"menu-item-page-12700 menu-item menu-item-type-post_type menu-item-object-page menu-item-12756 menu-page-12700-parent-12750\"><a href=\"https:\/\/thorman.ee\/treppide-valmistamine\/metallist-astmetega-trepid\/\">Metallist astmetega trepid<\/a><\/li>\n\t\t<li id=\"menu-item-12754\" class=\"menu-item-page-12713 menu-item menu-item-type-post_type menu-item-object-page menu-item-12754 menu-page-12713-parent-12750\"><a href=\"https:\/\/thorman.ee\/treppide-valmistamine\/piirded-treppidele\/\">Piirded treppidele<\/a><\/li>\n\t\t<li id=\"menu-item-12752\" class=\"menu-item-page-12730 menu-item menu-item-type-post_type menu-item-object-page menu-item-12752 menu-page-12730-parent-12750\"><a href=\"https:\/\/thorman.ee\/treppide-valmistamine\/valgustus-trepile\/\">Valgustus trepile<\/a><\/li>\n\t\t<li id=\"menu-item-12932\" class=\"menu-item-page-12736 menu-item menu-item-type-post_type menu-item-object-page menu-item-12932 menu-page-12736-parent-12750\"><a href=\"https:\/\/thorman.ee\/treppide-valmistamine\/galerii\/\">Galerii<\/a><\/li>\n\t<\/ul>\n<\/li>\n\t<li id=\"menu-item-3143\" class=\"menu-item-page-623 menu-item menu-item-type-post_type menu-item-object-page menu-item-3143 menu-page-623-parent-3140\"><a href=\"https:\/\/thorman.ee\/valimoobel\/\">V\u00e4lim\u00f6\u00f6bel ja aiadekoratsioonid<\/a><\/li>\n\t<li id=\"menu-item-3142\" class=\"menu-item-page-634 menu-item menu-item-type-post_type menu-item-object-page menu-item-3142 menu-page-634-parent-3140\"><a href=\"https:\/\/thorman.ee\/aiad-varavad-piirded-1\/\">Aiad, V\u00e4ravad, Piirded<\/a><\/li>\n\t<li id=\"menu-item-3145\" class=\"menu-item-page-252 menu-item menu-item-type-post_type menu-item-object-page menu-item-3145 menu-page-252-parent-3140\"><a href=\"https:\/\/thorman.ee\/varikatused\/\">Varikatused<\/a><\/li>\n<\/ul>\n<\/li>\n<li id=\"menu-item-683\" class=\"menu-item-page-676 menu-item menu-item-type-post_type menu-item-object-page menu-item-683\"><a href=\"https:\/\/thorman.ee\/thormani-talu-lugu\/\">Firmast<\/a><\/li>\n<li id=\"menu-item-11620\" class=\"menu-item-page-6 menu-item menu-item-type-post_type menu-item-object-page menu-item-11620\"><a href=\"https:\/\/thorman.ee\/pood\/\">Pood<\/a><\/li>\n<li id=\"menu-item-15357\" class=\"menu-item-page-15354 menu-item menu-item-type-post_type menu-item-object-page menu-item-15357\"><a href=\"https:\/\/thorman.ee\/blogi\/\">Blogi<\/a><\/li>\n<\/ul><\/div>        <style>\n            .mobile-menu-module[data-module=\"tb_q03r122\"]{\n                right:-300px            }\n        <\/style>\n    <\/div>\n<!-- \/module menu -->\n<!-- Archive Title module -->\n<div  class=\"module module-archive-title tb_hydx122 \" data-lazy=\"1\">\n\t    <h2><\/h2>\n<\/div>\n<!-- \/Archive Title module -->\n<!-- advanced-posts module -->\n<div  class=\"module module-advanced-posts tb_auv4122   themify_builder_content-auv4122\" data-lazy=\"1\">\n\t\n\t\t\n\t\t<div  class=\"builder-posts-wrap loops-wrapper grid3 tf_clear tf_clearfix\" data-lazy=\"1\">\n\n\t\t\t\n\t\t\t\n\t\t\t\t\n\t\t\t\t\n\t\t\t\t<article id=\"post-15506\" class=\"post tf_clearfix post-15506 type-post status-publish format-standard has-post-thumbnail hentry category-unkategorisiert has-post-title has-post-date has-post-category has-post-tag has-post-comment has-post-author \">\n\t\t\t\t\t    <div class=\"tbp_advanced_archive_wrap\">\n\t                <div  data-lazy=\"1\" class=\"module_row themify_builder_row tb_vtwy122 tf_w\">\n                        <div class=\"row_inner col_align_top tb_col_count_1 tf_box tf_rel\">\n                        <div  data-lazy=\"1\" class=\"module_column tb-column col-full tb_kpdr122 first\">\n                    <!-- Featured Image module -->\n<div  class=\"module module-image module-featured-image tb_4mrk122  \" data-lazy=\"1\">\n    <div class=\"image-wrap tf_rel\">\n\t\t\t\t\t\t\t\t\t\t\t<a  href=\"https:\/\/thorman.ee\/de\/lasergravur-anleitung\/\"> \n\t\t\t\t\t\n\t\t\t\t\t\t\t\t\t\t\t\t\t\t\t\t<img loading=\"lazy\" decoding=\"async\" src=\"https:\/\/thorman.ee\/wp-content\/uploads\/2026\/03\/KJui-voimast-laserit-ma-vajan-600x400.png\" width=\"600\" height=\"400\" class=\"wp-post-image wp-image-15507\" title=\"KJui v\u00f5imast laserit ma vajan\" alt=\"Welche Laserleistung ben\u00f6tige ich?\" srcset=\"https:\/\/thorman.ee\/wp-content\/uploads\/2026\/03\/KJui-voimast-laserit-ma-vajan-600x400.png 600w, https:\/\/thorman.ee\/wp-content\/uploads\/2026\/03\/KJui-voimast-laserit-ma-vajan-300x200.png 300w, https:\/\/thorman.ee\/wp-content\/uploads\/2026\/03\/KJui-voimast-laserit-ma-vajan-768x512.png 768w, https:\/\/thorman.ee\/wp-content\/uploads\/2026\/03\/KJui-voimast-laserit-ma-vajan.png 1000w\" sizes=\"auto, (max-width: 600px) 100vw, 600px\" \/>\t\t\t\t\t\n\t\t\t\t\t\t\t\t\t\t<\/a>\n\t\t\t\t\t\t\t\t\t\t\t\t<\/div>\n\t\t<!-- \/image-wrap -->\n\t\t\t<\/div>\n<!-- \/Featured Image module -->\n<!-- Post Meta module -->\n<div  class=\"module module-post-meta tb_mbmn122 \" data-lazy=\"1\">\n\t\t<div class=\"entry-meta tbp_post_meta\">\n\t\t<span class=\"tbp_post_meta_item tbp_post_meta_date\"><time content=\"2026-03-16T13:18:42+02:00\" class=\"entry-date updated\" datetime=\"2026-03-16T13:18:42+02:00\">\n\t<span class=\"tbp_post_day\">16<\/span> <span class=\"tbp_post_month\">M\u00e4rz<\/span>\t\t\t<meta content=\"2026-03-17T09:07:34+02:00\">\n\t<\/time>\n<\/span><!-- .tbp_post_meta_item -->\t<\/div><!-- .tbp_post_meta -->\n\n<\/div>\n<!-- \/Post Meta module -->\n<!-- Post Title module -->\n<div  class=\"module module-post-title tb_ocqs122 \" data-lazy=\"1\">\n\t<h2 class=\"tbp_title\">\n\t<a  href=\"https:\/\/thorman.ee\/de\/lasergravur-anleitung\/\">\n\t\tWelche Laserleistung ben\u00f6tige ich?\t\t<\/a>\n<\/h2><\/div>\n<!-- \/Post Title module -->\n<!-- Post Content module -->\n<div  class=\"module module-post-content tb_l2qh122 \" data-lazy=\"1\">\n\t\n\n    <div class=\"tb_text_wrap\">\n\t\tCO2-Laser-Einstellungen \u2013 Vergleich von 80W- und 130W-CO2-Lasern. <div class=\"more-link-wrap\"><a class=\"more-link\" href=\"https:\/\/thorman.ee\/de\/lasergravur-anleitung\/\">Loe edasi<\/a><\/div>    <\/div><!-- .tb_text_wrap -->\n\n\n<\/div>\n<!-- \/Post Content module -->        <\/div>\n                        <\/div>\n        <\/div>\n            <\/div>\n\t\t\t\t<\/article>\n\n\t\t\t\t\n\t\t\t\t\n\t\t\t\n\t\t\t\t\n\t\t\t\t\n\t\t\t\t<article id=\"post-15389\" class=\"post tf_clearfix post-15389 type-post status-publish format-standard has-post-thumbnail hentry category-uudised has-post-title has-post-date has-post-category has-post-tag has-post-comment has-post-author \">\n\t\t\t\t\t    <div class=\"tbp_advanced_archive_wrap\">\n\t                <div  data-lazy=\"1\" class=\"module_row themify_builder_row tb_vtwy122 tf_w\">\n                        <div class=\"row_inner col_align_top tb_col_count_1 tf_box tf_rel\">\n                        <div  data-lazy=\"1\" class=\"module_column tb-column col-full tb_kpdr122 first\">\n                    <!-- Featured Image module -->\n<div  class=\"module module-image module-featured-image tb_4mrk122  \" data-lazy=\"1\">\n    <div class=\"image-wrap tf_rel\">\n\t\t\t\t\t\t\t\t\t\t\t<a  href=\"https:\/\/thorman.ee\/de\/lasergravierte-geschenke\/\"> \n\t\t\t\t\t\n\t\t\t\t\t\t\t\t\t\t\t\t\t\t\t\t<img loading=\"lazy\" decoding=\"async\" src=\"https:\/\/thorman.ee\/wp-content\/uploads\/2018\/05\/Lasergraveeritud-kingitused-pulmadeks-ja-sunnipaevaks-600x400.png\" width=\"600\" height=\"400\" class=\"wp-post-image wp-image-15452\" title=\"Lasergraveeritud kingitused pulmadeks ja s\u00fcnnip\u00e4evaks\" alt=\"Lasergravierte Geschenke f\u00fcr Hochzeiten und Geburtstage\" srcset=\"https:\/\/thorman.ee\/wp-content\/uploads\/2018\/05\/Lasergraveeritud-kingitused-pulmadeks-ja-sunnipaevaks-600x400.png 600w, https:\/\/thorman.ee\/wp-content\/uploads\/2018\/05\/Lasergraveeritud-kingitused-pulmadeks-ja-sunnipaevaks-300x200.png 300w, https:\/\/thorman.ee\/wp-content\/uploads\/2018\/05\/Lasergraveeritud-kingitused-pulmadeks-ja-sunnipaevaks.png 500w\" sizes=\"auto, (max-width: 600px) 100vw, 600px\" \/>\t\t\t\t\t\n\t\t\t\t\t\t\t\t\t\t<\/a>\n\t\t\t\t\t\t\t\t\t\t\t\t<\/div>\n\t\t<!-- \/image-wrap -->\n\t\t\t<\/div>\n<!-- \/Featured Image module -->\n<!-- Post Meta module -->\n<div  class=\"module module-post-meta tb_mbmn122 \" data-lazy=\"1\">\n\t\t<div class=\"entry-meta tbp_post_meta\">\n\t\t<span class=\"tbp_post_meta_item tbp_post_meta_date\"><time content=\"2018-05-22T14:03:40+03:00\" class=\"entry-date updated\" datetime=\"2018-05-22T14:03:40+03:00\">\n\t<span class=\"tbp_post_day\">22<\/span> <span class=\"tbp_post_month\">Mai<\/span>\t\t\t<meta content=\"2026-03-17T09:12:36+02:00\">\n\t<\/time>\n<\/span><!-- .tbp_post_meta_item -->\t<\/div><!-- .tbp_post_meta -->\n\n<\/div>\n<!-- \/Post Meta module -->\n<!-- Post Title module -->\n<div  class=\"module module-post-title tb_ocqs122 \" data-lazy=\"1\">\n\t<h2 class=\"tbp_title\">\n\t<a  href=\"https:\/\/thorman.ee\/de\/lasergravierte-geschenke\/\">\n\t\tLasergravierte Geschenke f\u00fcr Hochzeiten und Geburtstage\t\t<\/a>\n<\/h2><\/div>\n<!-- \/Post Title module -->\n<!-- Post Content module -->\n<div  class=\"module module-post-content tb_l2qh122 \" data-lazy=\"1\">\n\t\n\n    <div class=\"tb_text_wrap\">\n\t\tIdeen und Materialien f\u00fcr personalisierte Geschenke <div class=\"more-link-wrap\"><a class=\"more-link\" href=\"https:\/\/thorman.ee\/de\/lasergravierte-geschenke\/\">Loe edasi<\/a><\/div>    <\/div><!-- .tb_text_wrap -->\n\n\n<\/div>\n<!-- \/Post Content module -->        <\/div>\n                        <\/div>\n        <\/div>\n            <\/div>\n\t\t\t\t<\/article>\n\n\t\t\t\t\n\t\t\t\t\n\t\t\t\t\t\t\n\t\t<\/div><!-- .builder-posts-wrap -->\n\n\t\t\t\n<\/div><!-- \/advanced-posts module -->\n        <\/div>\n                    <\/div>\n                <\/div>\n                        <\/div>\n        <\/div>\n        <\/div>\n<!--\/themify_builder_content-->","protected":false},"excerpt":{"rendered":"","protected":false},"author":3,"featured_media":0,"parent":0,"menu_order":0,"comment_status":"closed","ping_status":"closed","template":"","meta":{"footnotes":""},"class_list":["post-15371","page","type-page","status-publish","hentry","has-post-title","has-post-date","has-post-category","has-post-tag","has-post-comment","has-post-author",""],"yoast_head":"<!-- This site is optimized with the Yoast SEO plugin v27.2 - https:\/\/yoast.com\/product\/yoast-seo-wordpress\/ -->\n<title>Blogi | Thorman<\/title>\n<meta name=\"robots\" content=\"index, follow, max-snippet:-1, max-image-preview:large, max-video-preview:-1\" \/>\n<link rel=\"canonical\" href=\"https:\/\/thorman.ee\/de\/blogi\/\" \/>\n<meta property=\"og:locale\" content=\"de_DE\" \/>\n<meta property=\"og:type\" content=\"article\" \/>\n<meta property=\"og:title\" content=\"Blogi | Thorman\" \/>\n<meta property=\"og:url\" content=\"https:\/\/thorman.ee\/de\/blogi\/\" \/>\n<meta property=\"og:site_name\" content=\"Thorman\" \/>\n<meta property=\"article:publisher\" content=\"https:\/\/www.facebook.com\/pages\/Thorman\/244234893981\" \/>\n<meta property=\"article:modified_time\" content=\"2026-03-16T15:53:27+00:00\" \/>\n<meta name=\"twitter:card\" content=\"summary_large_image\" \/>\n<meta name=\"twitter:label1\" content=\"Gesch\u00e4tzte Lesezeit\" \/>\n\t<meta name=\"twitter:data1\" content=\"1\u00a0Minute\" \/>\n<script type=\"application\/ld+json\" class=\"yoast-schema-graph\">{\"@context\":\"https:\/\/schema.org\",\"@graph\":[{\"@type\":\"WebPage\",\"@id\":\"https:\/\/thorman.ee\/de\/blogi\/\",\"url\":\"https:\/\/thorman.ee\/de\/blogi\/\",\"name\":\"Blogi | Thorman\",\"isPartOf\":{\"@id\":\"https:\/\/thorman.ee\/#website\"},\"datePublished\":\"2026-03-16T11:22:02+00:00\",\"dateModified\":\"2026-03-16T15:53:27+00:00\",\"inLanguage\":\"de\",\"potentialAction\":[{\"@type\":\"ReadAction\",\"target\":[\"https:\/\/thorman.ee\/de\/blogi\/\"]}]},{\"@type\":\"WebSite\",\"@id\":\"https:\/\/thorman.ee\/#website\",\"url\":\"https:\/\/thorman.ee\/\",\"name\":\"Thorman\",\"description\":\"\",\"potentialAction\":[{\"@type\":\"SearchAction\",\"target\":{\"@type\":\"EntryPoint\",\"urlTemplate\":\"https:\/\/thorman.ee\/?s={search_term_string}\"},\"query-input\":{\"@type\":\"PropertyValueSpecification\",\"valueRequired\":true,\"valueName\":\"search_term_string\"}}],\"inLanguage\":\"de\"}]}<\/script>\n<!-- \/ Yoast SEO plugin. -->","yoast_head_json":{"title":"Blogi | Thorman","robots":{"index":"index","follow":"follow","max-snippet":"max-snippet:-1","max-image-preview":"max-image-preview:large","max-video-preview":"max-video-preview:-1"},"canonical":"https:\/\/thorman.ee\/de\/blogi\/","og_locale":"de_DE","og_type":"article","og_title":"Blogi | Thorman","og_url":"https:\/\/thorman.ee\/de\/blogi\/","og_site_name":"Thorman","article_publisher":"https:\/\/www.facebook.com\/pages\/Thorman\/244234893981","article_modified_time":"2026-03-16T15:53:27+00:00","twitter_card":"summary_large_image","twitter_misc":{"Gesch\u00e4tzte Lesezeit":"1\u00a0Minute"},"schema":{"@context":"https:\/\/schema.org","@graph":[{"@type":"WebPage","@id":"https:\/\/thorman.ee\/de\/blogi\/","url":"https:\/\/thorman.ee\/de\/blogi\/","name":"Blogi | Thorman","isPartOf":{"@id":"https:\/\/thorman.ee\/#website"},"datePublished":"2026-03-16T11:22:02+00:00","dateModified":"2026-03-16T15:53:27+00:00","inLanguage":"de","potentialAction":[{"@type":"ReadAction","target":["https:\/\/thorman.ee\/de\/blogi\/"]}]},{"@type":"WebSite","@id":"https:\/\/thorman.ee\/#website","url":"https:\/\/thorman.ee\/","name":"Thorman","description":"","potentialAction":[{"@type":"SearchAction","target":{"@type":"EntryPoint","urlTemplate":"https:\/\/thorman.ee\/?s={search_term_string}"},"query-input":{"@type":"PropertyValueSpecification","valueRequired":true,"valueName":"search_term_string"}}],"inLanguage":"de"}]}},"builder_content":"<ul id=\"menu-main-1\"><li><a href=\"https:\/\/thorman.ee\/test-avaleht\/\">Avaleht<\/a><\/li> <li><a href=\"https:\/\/thorman.ee\/teenused-1\/\">Teenused<\/a> <ul> <li><a href=\"https:\/\/thorman.ee\/pressimine-ja-stantsimine\/\">Pressimine, stantsimine<\/a><\/li> <li><a href=\"https:\/\/thorman.ee\/laserloikus-ja-graveerimine\/\">Lasergraveerimine<\/a><\/li> <li><a href=\"https:\/\/thorman.ee\/projekteerimine-cad-cam\/\">Projekteerimine CAD\/CAM<\/a><\/li> <\/ul> <\/li> <li><a href=\"https:\/\/thorman.ee\/eritellimusel-metallitood\/\">Tooted<\/a> <ul> <li><a href=\"https:\/\/thorman.ee\/treppide-valmistamine\/\">Treppide valmistamine<\/a> <ul> <li><a href=\"https:\/\/thorman.ee\/treppide-valmistamine\/i-trepid\/\">I-trepid<\/a><\/li> <li><a href=\"https:\/\/thorman.ee\/treppide-valmistamine\/u-trepid\/\">U-trepid<\/a><\/li> <li><a href=\"https:\/\/thorman.ee\/treppide-valmistamine\/l-trepid\/\">L-trepid<\/a><\/li> <li><a href=\"https:\/\/thorman.ee\/treppide-valmistamine\/metallist-astmetega-trepid\/\">Metallist astmetega trepid<\/a><\/li> <li><a href=\"https:\/\/thorman.ee\/treppide-valmistamine\/piirded-treppidele\/\">Piirded treppidele<\/a><\/li> <li><a href=\"https:\/\/thorman.ee\/treppide-valmistamine\/valgustus-trepile\/\">Valgustus trepile<\/a><\/li> <li><a href=\"https:\/\/thorman.ee\/treppide-valmistamine\/galerii\/\">Galerii<\/a><\/li> <\/ul> <\/li> <li><a href=\"https:\/\/thorman.ee\/valimoobel\/\">V\u00e4lim\u00f6\u00f6bel ja aiadekoratsioonid<\/a><\/li> <li><a href=\"https:\/\/thorman.ee\/aiad-varavad-piirded-1\/\">Aiad, V\u00e4ravad, Piirded<\/a><\/li> <li><a href=\"https:\/\/thorman.ee\/varikatused\/\">Varikatused<\/a><\/li> <\/ul> <\/li> <li><a href=\"https:\/\/thorman.ee\/thormani-talu-lugu\/\">Firmast<\/a><\/li> <li><a href=\"https:\/\/thorman.ee\/pood\/\">Pood<\/a><\/li> <li><a href=\"https:\/\/thorman.ee\/blogi\/\">Blogi<\/a><\/li> <\/ul>","_links":{"self":[{"href":"https:\/\/thorman.ee\/de\/wp-json\/wp\/v2\/pages\/15371","targetHints":{"allow":["GET"]}}],"collection":[{"href":"https:\/\/thorman.ee\/de\/wp-json\/wp\/v2\/pages"}],"about":[{"href":"https:\/\/thorman.ee\/de\/wp-json\/wp\/v2\/types\/page"}],"author":[{"embeddable":true,"href":"https:\/\/thorman.ee\/de\/wp-json\/wp\/v2\/users\/3"}],"replies":[{"embeddable":true,"href":"https:\/\/thorman.ee\/de\/wp-json\/wp\/v2\/comments?post=15371"}],"version-history":[{"count":4,"href":"https:\/\/thorman.ee\/de\/wp-json\/wp\/v2\/pages\/15371\/revisions"}],"predecessor-version":[{"id":15380,"href":"https:\/\/thorman.ee\/de\/wp-json\/wp\/v2\/pages\/15371\/revisions\/15380"}],"wp:attachment":[{"href":"https:\/\/thorman.ee\/de\/wp-json\/wp\/v2\/media?parent=15371"}],"curies":[{"name":"wp","href":"https:\/\/api.w.org\/{rel}","templated":true}]}}