{"id":1988,"date":"2018-05-24T12:29:47","date_gmt":"2018-05-24T09:29:47","guid":{"rendered":"https:\/\/www.thorman.ee\/firmast\/"},"modified":"2026-02-06T08:56:19","modified_gmt":"2026-02-06T06:56:19","slug":"ueber-die-firma","status":"publish","type":"page","link":"https:\/\/thorman.ee\/de\/ueber-die-firma\/","title":{"rendered":"\u00fcber die Firma"},"content":{"rendered":"<!--themify_builder_content-->\n<div id=\"themify_builder_content-1988\" data-postid=\"1988\" class=\"themify_builder_content themify_builder_content-1988 themify_builder tf_clear\">\n                    <div  data-lazy=\"1\" class=\"module_row themify_builder_row tb_263d4ac tb_first tf_w\">\n                        <div class=\"row_inner col_align_top tb_col_count_1 tf_box tf_rel\">\n                        <div  data-lazy=\"1\" class=\"module_column tb-column col-full tb_4da7e4c first\">\n                    <!-- module text -->\n<div  class=\"module module-text tb_511ee56   \" data-lazy=\"1\">\n        <div  class=\"tb_text_wrap\">\n        <h1 style=\"text-align: center;\">\u00dcber die Firma<\/h1>\n    <\/div>\n<\/div>\n<!-- \/module text -->        <\/div>\n                        <\/div>\n        <\/div>\n                        <div  data-css_id=\"854de3b\" data-lazy=\"1\" class=\"module_row themify_builder_row fullwidth_row_container tb_854de3b tf_w\">\n                        <div class=\"row_inner col_align_top tb_col_count_2 tf_box tf_rel\">\n                        <div  data-lazy=\"1\" class=\"module_column tb-column col4-3 tb_fcfcc9c first\">\n                    <!-- module text -->\n<div  class=\"module module-text tb_527e3df   \" data-lazy=\"1\">\n        <div  class=\"tb_text_wrap\">\n        <p data-start=\"2207\" data-end=\"2493\">Die <strong data-start=\"2211\" data-end=\"2232\">Schmiede Thormani<\/strong> nahm ihre T\u00e4tigkeit im Jahr 1997 im kleinen Dorf Veelikse nahe der lettischen Grenze auf. Bereits zum Ende des ersten Jahres arbeiteten neun Schmiede sowie einige Hilfskr\u00e4fte in der Werkstatt. Der Gro\u00dfteil der damaligen Produktion wurde nach Schweden verkauft.<\/p>\n<p data-start=\"2495\" data-end=\"2938\">Im Jahr 2004 kauften wir Land in der damaligen Gemeinde Tahkuranna und errichteten dort neue Geb\u00e4ude f\u00fcr Produktion und Wohnen. 2005 verlegten wir unsere gesamte T\u00e4tigkeit nach Reiu, an den Stadtrand von P\u00e4rnu. Hier, im heutigen Gemeindegebiet H\u00e4\u00e4demeeste, hat sich unser Betrieb im Laufe der Jahre stark ver\u00e4ndert. Mit den sich wandelnden Anforderungen der Gesellschaft und neuen technischen M\u00f6glichkeiten haben auch wir uns weiterentwickelt.<\/p>\n<p data-start=\"2940\" data-end=\"3248\">Wir pressen, biegen und schwei\u00dfen Metall und fertigen Dinge, die wirklich gebraucht werden und lange halten.<br data-start=\"3048\" data-end=\"3051\">Zu unseren Produkten geh\u00f6ren Metall-Gartenm\u00f6bel, Gartendekorationen, Pflanzst\u00e4nder und Regale. Au\u00dferdem stellen wir gr\u00f6\u00dfere Konstruktionen her, wie Treppen auf Stahltr\u00e4gern, Tore und \u00dcberdachungen.<\/p>\n<p data-start=\"3250\" data-end=\"3589\">Wir bieten <strong data-start=\"3261\" data-end=\"3298\">CO\u2082-Laserschneiden und -gravieren<\/strong> an und fertigen Schilder, Wegweiser, Leuchtk\u00e4sten, Geschenke sowie kleinere Metallteile.<br data-start=\"3387\" data-end=\"3390\">Zus\u00e4tzlich erstellen wir <strong data-start=\"3415\" data-end=\"3443\">CAD- und CAM-Zeichnungen<\/strong> als Dienstleistung \u2013 sowohl f\u00fcr die Produktion als auch f\u00fcr Kunden, die ihre Ideen und Vorstellungen in Zeichnungen und Dateien umsetzen m\u00f6chten.<\/p>\n<p data-start=\"3591\" data-end=\"3675\">Wir arbeiten ruhig und sorgf\u00e4ltig \u2013 so, wie es sich f\u00fcr eine echte Werkstatt geh\u00f6rt.<\/p>\n<p data-start=\"3677\" data-end=\"4051\"><strong data-start=\"3677\" data-end=\"3689\">Anfahrt:<\/strong><br data-start=\"3689\" data-end=\"3692\">Unser Standort ist in Navigationssystemen gut markiert.<br data-start=\"3747\" data-end=\"3750\">Von P\u00e4rnu in Richtung Riga fahrend, etwa 4 km au\u00dferhalb der Stadt, biegen Sie unter der Br\u00fccke rechts ab (Hinweisschilder: Lottemaa, Golf, Reiu Strand). Fahren Sie \u00fcber die Br\u00fccke, folgen Sie dem Schild \u201eThormani Talu\u201c und dann noch etwa 900 Meter auf der asphaltierten Nebenstra\u00dfe bis zu unserem Hof.<\/p>\n<h3 data-start=\"4053\" data-end=\"4067\"><strong data-start=\"4053\" data-end=\"4065\">Vor Ort:<\/strong><\/h3>\n<ul data-start=\"4068\" data-end=\"4313\">\n<li data-start=\"4068\" data-end=\"4136\">\n<p data-start=\"4070\" data-end=\"4136\">Ein kleiner Laden mit Handwerksprodukten und eigener Herstellung<\/p>\n<\/li>\n<li data-start=\"4137\" data-end=\"4202\">\n<p data-start=\"4139\" data-end=\"4202\">Ein saisonales Hofcaf\u00e9, im Sommer an den Wochenenden ge\u00f6ffnet<\/p>\n<\/li>\n<li data-start=\"4203\" data-end=\"4313\">\n<p data-start=\"4205\" data-end=\"4313\">Auf Bestellung und bei Veranstaltungen wie den Tagen der offenen H\u00f6fe bieten wir auch Schmiedeworkshops an<\/p>\n<\/li>\n<\/ul>\n<p data-start=\"4315\" data-end=\"4347\">Wir freuen uns auf Ihren Besuch!<\/p>    <\/div>\n<\/div>\n<!-- \/module text --><!-- module text -->\n<div  class=\"module module-text tb_55777ff   \" data-lazy=\"1\">\n        <div  class=\"tb_text_wrap\">\n        \n<div class=\"wpcf7 no-js\" id=\"wpcf7-f1986-o1\" lang=\"et\" dir=\"ltr\" data-wpcf7-id=\"1986\">\n<div class=\"screen-reader-response\"><p role=\"status\" aria-live=\"polite\" aria-atomic=\"true\"><\/p> <ul><\/ul><\/div>\n<form action=\"\/de\/wp-json\/wp\/v2\/pages\/1988#wpcf7-f1986-o1\" method=\"post\" class=\"wpcf7-form init\" aria-label=\"Contact form\" novalidate=\"novalidate\" data-status=\"init\">\n<fieldset class=\"hidden-fields-container\"><input type=\"hidden\" name=\"_wpcf7\" value=\"1986\" \/><input type=\"hidden\" name=\"_wpcf7_version\" value=\"6.1.5\" \/><input type=\"hidden\" name=\"_wpcf7_locale\" value=\"et\" \/><input type=\"hidden\" name=\"_wpcf7_unit_tag\" value=\"wpcf7-f1986-o1\" \/><input type=\"hidden\" name=\"_wpcf7_container_post\" value=\"0\" \/><input type=\"hidden\" name=\"_wpcf7_posted_data_hash\" value=\"\" \/><input type=\"hidden\" name=\"_wpcf7_recaptcha_response\" value=\"\" \/>\n<\/fieldset>\n<div class=\"responsive-form clearfixa uppercase\" id=\"scroll\">\n\t<div class=\"form-row\">\n\t\t<div class=\"column-half\">\n\t\t\t<p><label><span class=\"cf7-heading\">Name<\/span><span style=\"color:#000;\">*<\/span><br \/>\n<span class=\"wpcf7-form-control-wrap\" data-name=\"nimi\"><input size=\"40\" maxlength=\"400\" class=\"wpcf7-form-control wpcf7-text wpcf7-validates-as-required\" aria-required=\"true\" aria-invalid=\"false\" value=\"\" type=\"text\" name=\"nimi\" \/><\/span><\/label><br \/>\n<label><span class=\"cf7-heading\">E-Mail<\/span><span style=\"color:#000;\">*<\/span><br \/>\n<span class=\"wpcf7-form-control-wrap\" data-name=\"email\"><input size=\"40\" maxlength=\"400\" class=\"wpcf7-form-control wpcf7-email wpcf7-validates-as-required wpcf7-text wpcf7-validates-as-email\" aria-required=\"true\" aria-invalid=\"false\" value=\"\" type=\"email\" name=\"email\" \/><\/span><\/label><br \/>\n<label><span class=\"cf7-heading\">Telefon<\/span><span style=\"color:#000;\">*<\/span><br \/>\n<span class=\"wpcf7-form-control-wrap\" data-name=\"telefon\"><input size=\"40\" maxlength=\"400\" class=\"wpcf7-form-control wpcf7-text wpcf7-validates-as-required\" aria-required=\"true\" aria-invalid=\"false\" value=\"\" type=\"text\" name=\"telefon\" \/><\/span><\/label>\n\t\t\t<\/p>\n\t\t<\/div>\n\t\t<div class=\"column-half\">\n\t\t\t<p><label><span class=\"cf7-heading\">Nachricht<\/span><span style=\"color:#000;\">*<\/span><br \/>\n<span class=\"wpcf7-form-control-wrap\" data-name=\"textarea-862\"><textarea cols=\"40\" rows=\"8\" maxlength=\"2000\" class=\"wpcf7-form-control wpcf7-textarea wpcf7-validates-as-required\" aria-required=\"true\" aria-invalid=\"false\" name=\"textarea-862\"><\/textarea><\/span><\/label>\n\t\t\t<\/p>\n\t\t<\/div>\n\t<\/div>\n\t<div class=\"form-row\">\n\t\t<div class=\"column-full\">\n\t\t\t<p>&nbsp;\n\t\t\t<\/p>\n\t\t<\/div>\n\t<\/div>\n\t<div class=\"form-row\">\n\t\t<div class=\"column-full\">\n\t\t<div class=\"wpcf7-response-output\" aria-hidden=\"true\"><\/div>\n\t\t<\/div>\n\t<\/div>\n\t<div class=\"form-row\">\n\t\t<div class=\"column-full\">\n\t\t\t<div style=\"text-align:center;\">\n\t\t\t\t<p><input class=\"wpcf7-form-control wpcf7-submit has-spinner\" type=\"submit\" value=\"Senden\" \/>\n\t\t\t\t<\/p>\n\t\t\t<\/div>\n\t\t<\/div>\n\t<\/div>\n<\/div>\n<\/form>\n<\/div>\n    <\/div>\n<\/div>\n<!-- \/module text -->        <\/div>\n                    <div  data-lazy=\"1\" class=\"module_column tb-column col4-1 tb_9106532 last\">\n                    <!-- module gallery -->\n<div  class=\"module gallery module-gallery tb_63073b4 layout-grid rounded \" data-lazy=\"1\">\n    <div class=\"module-gallery-grid\" style=\"--gald:1;--galt:1;--galm:1\">\n            <dl class=\"gallery-item\">\n            <dt class=\"gallery-icon\">\n            <a data-title=\"\" title=\"\" href=\"https:\/\/thorman.ee\/wp-content\/uploads\/2026\/02\/Thormani-talu-silt-2.jpg\" data-rel=\"tb_63073b4\" class=\"themify_lightbox\"><img loading=\"lazy\" decoding=\"async\" src=\"https:\/\/thorman.ee\/wp-content\/uploads\/2026\/02\/Thormani-talu-silt-2-400x300.jpg\" width=\"400\" height=\"300\" class=\"wp-post-image wp-image-14185\" title=\"Thormani talu silt\" alt=\"Thorman Farm Schild\"><\/a>            <\/dt>\n                    <\/dl>\n            <dl class=\"gallery-item\">\n            <dt class=\"gallery-icon\">\n            <a data-title=\"\" title=\"\" href=\"https:\/\/thorman.ee\/wp-content\/uploads\/2026\/02\/Thormani-talu-kohvik-ja-kaesitoeoepood.webp\" data-rel=\"tb_63073b4\" class=\"themify_lightbox\"><img loading=\"lazy\" decoding=\"async\" src=\"https:\/\/thorman.ee\/wp-content\/uploads\/2026\/02\/Thormani-talu-kohvik-ja-kaesitoeoepood-400x300.webp\" width=\"400\" height=\"300\" class=\"wp-post-image wp-image-14186\" title=\"Thormani talu kohvik ja k\u00e4sit\u00f6\u00f6pood\" alt=\"Thorman Farm Caf\u00e9 und Kunsthandwerksladen\"><\/a>            <\/dt>\n                    <\/dl>\n            <dl class=\"gallery-item\">\n            <dt class=\"gallery-icon\">\n            <a data-title=\"\" title=\"\" href=\"https:\/\/thorman.ee\/wp-content\/uploads\/2026\/02\/Sepistamise-opitoad-Thormani-talus-2.webp\" data-rel=\"tb_63073b4\" class=\"themify_lightbox\"><img loading=\"lazy\" decoding=\"async\" src=\"https:\/\/thorman.ee\/wp-content\/uploads\/2026\/02\/Sepistamise-opitoad-Thormani-talus-2-400x300.webp\" width=\"400\" height=\"300\" class=\"wp-post-image wp-image-14187\" title=\"Sepistamise \u00f5pitoad Thormani talus\" alt=\"Schmiedewerkst\u00e4tten auf der Thorman Farm\"><\/a>            <\/dt>\n                    <\/dl>\n    <\/div>\n<\/div>\n<!-- \/module gallery -->        <\/div>\n                        <\/div>\n        <\/div>\n        <\/div>\n<!--\/themify_builder_content-->","protected":false},"excerpt":{"rendered":"<p>\u00dcber die Firma Die Schmiede Thormani nahm ihre T\u00e4tigkeit im Jahr 1997 im kleinen Dorf Veelikse nahe der lettischen Grenze auf. Bereits zum Ende des ersten Jahres arbeiteten neun Schmiede sowie einige Hilfskr\u00e4fte in der Werkstatt. Der Gro\u00dfteil der damaligen Produktion wurde nach Schweden verkauft. Im Jahr 2004 kauften wir Land in der damaligen Gemeinde [&hellip;]<\/p>\n","protected":false},"author":1,"featured_media":0,"parent":0,"menu_order":0,"comment_status":"closed","ping_status":"closed","template":"","meta":{"footnotes":""},"class_list":["post-1988","page","type-page","status-publish","hentry","has-post-title","has-post-date","has-post-category","has-post-tag","has-post-comment","has-post-author",""],"yoast_head":"<!-- This site is optimized with the Yoast SEO plugin v27.2 - https:\/\/yoast.com\/product\/yoast-seo-wordpress\/ -->\n<title>Thorman- Schmiedewerkstatt | Seit 1997<\/title>\n<meta name=\"description\" content=\"Thorman-Schmiedewerkstatt begann im Jahre 1997 ihre T\u00e4tigkeit. Wir fertigen Metalltreppen, Gitter, Z\u00e4une und Schutzd\u00e4cher an.\" \/>\n<meta name=\"robots\" content=\"index, follow, max-snippet:-1, max-image-preview:large, max-video-preview:-1\" \/>\n<link rel=\"canonical\" href=\"https:\/\/thorman.ee\/de\/ueber-die-firma\/\" \/>\n<meta property=\"og:locale\" content=\"de_DE\" \/>\n<meta property=\"og:type\" content=\"article\" \/>\n<meta property=\"og:title\" content=\"Thorman- Schmiedewerkstatt | Seit 1997\" \/>\n<meta property=\"og:description\" content=\"Thorman-Schmiedewerkstatt begann im Jahre 1997 ihre T\u00e4tigkeit. Wir fertigen Metalltreppen, Gitter, Z\u00e4une und Schutzd\u00e4cher an.\" \/>\n<meta property=\"og:url\" content=\"https:\/\/thorman.ee\/de\/ueber-die-firma\/\" \/>\n<meta property=\"og:site_name\" content=\"Thorman\" \/>\n<meta property=\"article:publisher\" content=\"https:\/\/www.facebook.com\/pages\/Thorman\/244234893981\" \/>\n<meta property=\"article:modified_time\" content=\"2026-02-06T06:56:19+00:00\" \/>\n<meta property=\"og:image\" content=\"https:\/\/thorman.ee\/wp-content\/uploads\/2026\/02\/Thormani-talu-silt-2-150x150.jpg\" \/>\n<meta name=\"twitter:card\" content=\"summary_large_image\" \/>\n<meta name=\"twitter:label1\" content=\"Gesch\u00e4tzte Lesezeit\" \/>\n\t<meta name=\"twitter:data1\" content=\"2\u00a0Minuten\" \/>\n<script type=\"application\/ld+json\" class=\"yoast-schema-graph\">{\"@context\":\"https:\/\/schema.org\",\"@graph\":[{\"@type\":\"WebPage\",\"@id\":\"https:\/\/thorman.ee\/de\/ueber-die-firma\/\",\"url\":\"https:\/\/thorman.ee\/de\/ueber-die-firma\/\",\"name\":\"Thorman- Schmiedewerkstatt | Seit 1997\",\"isPartOf\":{\"@id\":\"https:\/\/thorman.ee\/#website\"},\"datePublished\":\"2018-05-24T09:29:47+00:00\",\"dateModified\":\"2026-02-06T06:56:19+00:00\",\"description\":\"Thorman-Schmiedewerkstatt begann im Jahre 1997 ihre T\u00e4tigkeit. Wir fertigen Metalltreppen, Gitter, Z\u00e4une und Schutzd\u00e4cher an.\",\"inLanguage\":\"de\",\"potentialAction\":[{\"@type\":\"ReadAction\",\"target\":[\"https:\/\/thorman.ee\/de\/ueber-die-firma\/\"]}]},{\"@type\":\"WebSite\",\"@id\":\"https:\/\/thorman.ee\/#website\",\"url\":\"https:\/\/thorman.ee\/\",\"name\":\"Thorman\",\"description\":\"\",\"potentialAction\":[{\"@type\":\"SearchAction\",\"target\":{\"@type\":\"EntryPoint\",\"urlTemplate\":\"https:\/\/thorman.ee\/?s={search_term_string}\"},\"query-input\":{\"@type\":\"PropertyValueSpecification\",\"valueRequired\":true,\"valueName\":\"search_term_string\"}}],\"inLanguage\":\"de\"}]}<\/script>\n<!-- \/ Yoast SEO plugin. -->","yoast_head_json":{"title":"Thorman- Schmiedewerkstatt | Seit 1997","description":"Thorman-Schmiedewerkstatt begann im Jahre 1997 ihre T\u00e4tigkeit. Wir fertigen Metalltreppen, Gitter, Z\u00e4une und Schutzd\u00e4cher an.","robots":{"index":"index","follow":"follow","max-snippet":"max-snippet:-1","max-image-preview":"max-image-preview:large","max-video-preview":"max-video-preview:-1"},"canonical":"https:\/\/thorman.ee\/de\/ueber-die-firma\/","og_locale":"de_DE","og_type":"article","og_title":"Thorman- Schmiedewerkstatt | Seit 1997","og_description":"Thorman-Schmiedewerkstatt begann im Jahre 1997 ihre T\u00e4tigkeit. Wir fertigen Metalltreppen, Gitter, Z\u00e4une und Schutzd\u00e4cher an.","og_url":"https:\/\/thorman.ee\/de\/ueber-die-firma\/","og_site_name":"Thorman","article_publisher":"https:\/\/www.facebook.com\/pages\/Thorman\/244234893981","article_modified_time":"2026-02-06T06:56:19+00:00","og_image":[{"url":"https:\/\/thorman.ee\/wp-content\/uploads\/2026\/02\/Thormani-talu-silt-2-150x150.jpg","type":"","width":"","height":""}],"twitter_card":"summary_large_image","twitter_misc":{"Gesch\u00e4tzte Lesezeit":"2\u00a0Minuten"},"schema":{"@context":"https:\/\/schema.org","@graph":[{"@type":"WebPage","@id":"https:\/\/thorman.ee\/de\/ueber-die-firma\/","url":"https:\/\/thorman.ee\/de\/ueber-die-firma\/","name":"Thorman- Schmiedewerkstatt | Seit 1997","isPartOf":{"@id":"https:\/\/thorman.ee\/#website"},"datePublished":"2018-05-24T09:29:47+00:00","dateModified":"2026-02-06T06:56:19+00:00","description":"Thorman-Schmiedewerkstatt begann im Jahre 1997 ihre T\u00e4tigkeit. Wir fertigen Metalltreppen, Gitter, Z\u00e4une und Schutzd\u00e4cher an.","inLanguage":"de","potentialAction":[{"@type":"ReadAction","target":["https:\/\/thorman.ee\/de\/ueber-die-firma\/"]}]},{"@type":"WebSite","@id":"https:\/\/thorman.ee\/#website","url":"https:\/\/thorman.ee\/","name":"Thorman","description":"","potentialAction":[{"@type":"SearchAction","target":{"@type":"EntryPoint","urlTemplate":"https:\/\/thorman.ee\/?s={search_term_string}"},"query-input":{"@type":"PropertyValueSpecification","valueRequired":true,"valueName":"search_term_string"}}],"inLanguage":"de"}]}},"builder_content":"<h1 style=\"text-align: center;\">\u00dcber die Firma<\/h1>\n<p data-start=\"2207\" data-end=\"2493\">Die <strong data-start=\"2211\" data-end=\"2232\">Schmiede Thormani<\/strong> nahm ihre T\u00e4tigkeit im Jahr 1997 im kleinen Dorf Veelikse nahe der lettischen Grenze auf. Bereits zum Ende des ersten Jahres arbeiteten neun Schmiede sowie einige Hilfskr\u00e4fte in der Werkstatt. Der Gro\u00dfteil der damaligen Produktion wurde nach Schweden verkauft.<\/p> <p data-start=\"2495\" data-end=\"2938\">Im Jahr 2004 kauften wir Land in der damaligen Gemeinde Tahkuranna und errichteten dort neue Geb\u00e4ude f\u00fcr Produktion und Wohnen. 2005 verlegten wir unsere gesamte T\u00e4tigkeit nach Reiu, an den Stadtrand von P\u00e4rnu. Hier, im heutigen Gemeindegebiet H\u00e4\u00e4demeeste, hat sich unser Betrieb im Laufe der Jahre stark ver\u00e4ndert. Mit den sich wandelnden Anforderungen der Gesellschaft und neuen technischen M\u00f6glichkeiten haben auch wir uns weiterentwickelt.<\/p> <p data-start=\"2940\" data-end=\"3248\">Wir pressen, biegen und schwei\u00dfen Metall und fertigen Dinge, die wirklich gebraucht werden und lange halten.<br data-start=\"3048\" data-end=\"3051\">Zu unseren Produkten geh\u00f6ren Metall-Gartenm\u00f6bel, Gartendekorationen, Pflanzst\u00e4nder und Regale. Au\u00dferdem stellen wir gr\u00f6\u00dfere Konstruktionen her, wie Treppen auf Stahltr\u00e4gern, Tore und \u00dcberdachungen.<\/p> <p data-start=\"3250\" data-end=\"3589\">Wir bieten <strong data-start=\"3261\" data-end=\"3298\">CO\u2082-Laserschneiden und -gravieren<\/strong> an und fertigen Schilder, Wegweiser, Leuchtk\u00e4sten, Geschenke sowie kleinere Metallteile.<br data-start=\"3387\" data-end=\"3390\">Zus\u00e4tzlich erstellen wir <strong data-start=\"3415\" data-end=\"3443\">CAD- und CAM-Zeichnungen<\/strong> als Dienstleistung \u2013 sowohl f\u00fcr die Produktion als auch f\u00fcr Kunden, die ihre Ideen und Vorstellungen in Zeichnungen und Dateien umsetzen m\u00f6chten.<\/p> <p data-start=\"3591\" data-end=\"3675\">Wir arbeiten ruhig und sorgf\u00e4ltig \u2013 so, wie es sich f\u00fcr eine echte Werkstatt geh\u00f6rt.<\/p> <p data-start=\"3677\" data-end=\"4051\"><strong data-start=\"3677\" data-end=\"3689\">Anfahrt:<\/strong><br data-start=\"3689\" data-end=\"3692\">Unser Standort ist in Navigationssystemen gut markiert.<br data-start=\"3747\" data-end=\"3750\">Von P\u00e4rnu in Richtung Riga fahrend, etwa 4 km au\u00dferhalb der Stadt, biegen Sie unter der Br\u00fccke rechts ab (Hinweisschilder: Lottemaa, Golf, Reiu Strand). Fahren Sie \u00fcber die Br\u00fccke, folgen Sie dem Schild \u201eThormani Talu\u201c und dann noch etwa 900 Meter auf der asphaltierten Nebenstra\u00dfe bis zu unserem Hof.<\/p> <h3 data-start=\"4053\" data-end=\"4067\"><strong data-start=\"4053\" data-end=\"4065\">Vor Ort:<\/strong><\/h3> <ul data-start=\"4068\" data-end=\"4313\"> <li data-start=\"4068\" data-end=\"4136\"> <p data-start=\"4070\" data-end=\"4136\">Ein kleiner Laden mit Handwerksprodukten und eigener Herstellung<\/p> <\/li> <li data-start=\"4137\" data-end=\"4202\"> <p data-start=\"4139\" data-end=\"4202\">Ein saisonales Hofcaf\u00e9, im Sommer an den Wochenenden ge\u00f6ffnet<\/p> <\/li> <li data-start=\"4203\" data-end=\"4313\"> <p data-start=\"4205\" data-end=\"4313\">Auf Bestellung und bei Veranstaltungen wie den Tagen der offenen H\u00f6fe bieten wir auch Schmiedeworkshops an<\/p> <\/li> <\/ul> <p data-start=\"4315\" data-end=\"4347\">Wir freuen uns auf Ihren Besuch!<\/p>\n<p>[contact-form-7 id=\"1986\" title=\"Kontaktvorm GER\"]<\/p>\n[gallery ids=\"14185,14186,14187\"]","_links":{"self":[{"href":"https:\/\/thorman.ee\/de\/wp-json\/wp\/v2\/pages\/1988","targetHints":{"allow":["GET"]}}],"collection":[{"href":"https:\/\/thorman.ee\/de\/wp-json\/wp\/v2\/pages"}],"about":[{"href":"https:\/\/thorman.ee\/de\/wp-json\/wp\/v2\/types\/page"}],"author":[{"embeddable":true,"href":"https:\/\/thorman.ee\/de\/wp-json\/wp\/v2\/users\/1"}],"replies":[{"embeddable":true,"href":"https:\/\/thorman.ee\/de\/wp-json\/wp\/v2\/comments?post=1988"}],"version-history":[{"count":12,"href":"https:\/\/thorman.ee\/de\/wp-json\/wp\/v2\/pages\/1988\/revisions"}],"predecessor-version":[{"id":14190,"href":"https:\/\/thorman.ee\/de\/wp-json\/wp\/v2\/pages\/1988\/revisions\/14190"}],"wp:attachment":[{"href":"https:\/\/thorman.ee\/de\/wp-json\/wp\/v2\/media?parent=1988"}],"curies":[{"name":"wp","href":"https:\/\/api.w.org\/{rel}","templated":true}]}}