{"id":2188,"date":"2018-06-26T12:42:04","date_gmt":"2018-06-26T09:42:04","guid":{"rendered":"https:\/\/thorman.ee\/kasutustingimused-ja-tarneinfo\/"},"modified":"2020-04-30T21:03:27","modified_gmt":"2020-04-30T18:03:27","slug":"kasutustingimused-ja-tarneinfo","status":"publish","type":"page","link":"https:\/\/thorman.ee\/de\/kasutustingimused-ja-tarneinfo\/","title":{"rendered":"Gebrauchsbedingungen"},"content":{"rendered":"<!--themify_builder_content-->\n<div id=\"themify_builder_content-2188\" data-postid=\"2188\" class=\"themify_builder_content themify_builder_content-2188 themify_builder tf_clear\">\n                    <div  data-lazy=\"1\" class=\"module_row themify_builder_row tb_ekwm100 tb_first tf_w\">\n                        <div class=\"row_inner col_align_top tb_col_count_1 tf_box tf_rel\">\n                        <div  data-lazy=\"1\" class=\"module_column tb-column col-full tb_7yts031 first\">\n                    <!-- module text -->\n<div  class=\"module module-text tb_wb70022  repeat \" data-lazy=\"1\">\n        <div  class=\"tb_text_wrap\">\n        <h1 style=\"text-align: center;\">Gebrauchsbedingungen<\/h1>\n    <\/div>\n<\/div>\n<!-- \/module text -->        <\/div>\n                        <\/div>\n        <\/div>\n                        <div  data-css_id=\"zuxl333\" data-lazy=\"1\" class=\"module_row themify_builder_row fullwidth_row_container tb_zuxl333 tf_w\">\n                        <div class=\"row_inner col_align_top tb_col_count_1 tf_box tf_rel\">\n                        <div  data-lazy=\"1\" class=\"module_column tb-column col-full tb_xyr8232 first\">\n                    <!-- module text -->\n<div  class=\"module module-text tb_kleh330  repeat \" data-lazy=\"1\">\n        <div  class=\"tb_text_wrap\">\n        <p>Der Besitzer des Online-Shops Thorman.EE (weiterhin Online-Shop) ist O\u00dc EtnoArt (Handelsregisternr. 11909374),<\/p><p>Standort Dorf Reiu, Gemeinde H\u00e4\u00e4demeeste, 86508 Landkreis P\u00e4rnu, Estland<\/p><p>G\u00fcltigkeit des Kaufvertrags, Waren- und Preisinformation<\/p><p>Verkaufsbedingungen gelten beim Einkauf im Online-Shop.<\/p><p>Kaufpreise finden Sie bei Warenbezeichnungen im Online-Shop. Dem Kaufpreis werden Lieferungskosten hinzugef\u00fcgt.<\/p><p>Lieferungskosten h\u00e4ngen vom Standort des K\u00e4ufers und der Lieferungsweise ab.<\/p><p>Lieferungsgeb\u00fchr wird dem K\u00e4ufer beim Bestellabschluss angezeigt.<\/p><p>N\u00e4here Information \u00fcber die Waren finden Sie im Online-Shop gleich bei Warenabbildungen.<\/p><p><strong>Bestellen<\/strong><\/p><p>Zum Bestellen sollten Sie die gew\u00fcnschten Waren in den Warenkorb legen. Zum Bestellabschluss sollten<\/p><p>Sie die erforderlichen Felder ausf\u00fcllen und die passende Lieferungsweise ausw\u00e4hlen. Danach wird auf dem Bildschirm<\/p><p>Lieferungsgeb\u00fchr angezeigt. Sie k\u00f6nnen per Online-Bank bezahlen oder eine andere Zahlungsm\u00f6glichkeit benutzen.<\/p><p>Der Kaufvertrag wird g\u00fcltig nach dem Einkommen des Kaufbetrags aufs Bankkonto des Online-Shops.<\/p><p>Falls es nicht m\u00f6glich ist, die bestellte Ware zu leifern (z. B. die Ware ist alle oder aus einem anderen Grund),<\/p><p>wird der Kunde davon so schnell wie m\u00f6glich informiert und die bezahlte Summe (einschliesslich Lieferungsgeb\u00fchr)<\/p><p>wird sofort zur\u00fcckgezahlt, aber nicht sp\u00e4ter als 14 Tage ab Senden der entsprechenden Meldung.<\/p><p>\u00a0<\/p><p><strong>Lieferung<\/strong><\/p><p>Waren werden in folgende L\u00e4nder geliefert: europ\u00e4ische Staaten und Amerika.<\/p><p>Lieferungskosten werden vom K\u00e4ufer getragen und entsprechende Information ist bei der Lieferungsweise<\/p><p>angezeigt. In Estland werden die Bestellungen meistens innerhalb 3-7 Arbeitstage ab Vertragsabschluss geliefert.<\/p><p>In Ausland\u00a0 werden Lieferungen den Adressaten binnen 15 Kalendertage erreichen.<\/p><p>In Ausnahmef\u00e4llen hat der Online-Shop Recht die Ware innerhalb der 30 Kalendertage zu liefern.<\/p><p>\u00a0<\/p><p><strong>Widerruf des Vertrags<\/strong><\/p><p>Der K\u00e4ufer hat binnen 14 Tage ab Lieferung der Waren Recht zum Wiederruf des Vertrags<\/p><p>[abh\u00e4ngig von der Ware kann der Kunde auch kein Widerrufsrecht haben, in diesem Fall sind entsprechende<\/p><p>Waren und Dienstleistungen laut \u00a7 53 Abs. 4 des Schuldrechtsgesetzes aufzulisten].<\/p><p>Widerrufsrecht ist nicht anwendbar, wenn der K\u00e4ufer eine juristische Person ist.<\/p><p>Um Ihr 14-t\u00e4giges Widerrufsrecht auszu\u00fcben, d\u00fcrfen Sie die Ware nur in dem Ma\u03b2e probieren und testen, wie es\u00a0<\/p><p>auch in einem herk\u00f6mmlichen Gesch\u00e4ft erlaubt ist.<\/p><p>Wenn die Ware unzweckm\u00e4\u03b2ig benutzt oder verschlissen ist und\u00a0 Merkmale der Abnutzung hat, kann der<\/p><p>Online-shop entsprechend der Wertminderung den R\u00fcckzahlungsbetrag reduzieren.<\/p><p>Zur R\u00fcckgabe sollten sie eine Widerrufserkl\u00e4rung sp\u00e4testens binnen<\/p><p>14 Tage ab Lieferung der Ware an E-Mail-Adresse <a href=\"mailto:info@etnoart.eu\">info@etnoart.eu<\/a> absenden.<\/p><p>Das entsprechende Formular zur R\u00fcckgabe der Waren finden Sie hier:<\/p><p>\u00a0<\/p><p><strong>Die R\u00fcckgabekosten tr\u00e4gt der K\u00e4ufer, ausgenommen in dem Fall, wenn die Ware nicht zur Bestellung entspricht<\/strong><\/p><p><strong>(falscher oder mangelhafter Produkt).<\/strong><\/p><p>Der K\u00e4ufer soll die Ware binnen 14 Tage ab Absendung der Widerrufserkl\u00e4rung zur\u00fccksenden oder<\/p><p>einen Nachweis erbringen, dass\u00a0 die Ware innerhalb dieser Zeitperiode dem Liefer \u00fcbergegeben ist.<\/p><p>Nach dem Erhalten der zur\u00fcckgesendeten Ware zahlt der Online-Shop sofort, aber nicht sp\u00e4ter als<\/p><p>binnen 14 Tage, den ganzen Kaufsbetrag dem K\u00e4ufer zur\u00fcck.<\/p><p>Der Online-Shop kann die R\u00fcckzahlung absagen, wenn die Ware nicht zur\u00fcckgeliefert ist oder bis der<\/p><p>K\u00e4ufer keinen Nachweis erbracht hat, dass er die Ware zur\u00fcckgesandt hat.<\/p><p>Wenn der K\u00e4ufer absichtlich eine Lieferungsweise ausw\u00e4hlt, die nicht die g\u00fcnstigste ist und von der<\/p><p>\u00fcblichen Lieferungweise des Online-Shops abweicht, ist der Shop nicht verpflichtet, mehr zur\u00fcckzuzahlen<\/p><p>als normale Ausgaben f\u00fcr Lieferung w\u00e4ren.<\/p><p>Der Online-Shop hat R\u00fccktrittsrecht vom Kaufvertrag und kann die Ware vom K\u00e4ufer zur\u00fcckfordern,<\/p><p>wenn der Preis im Online-Shop wegen eines Missgriffs wesentlich unter dem Marktpreis angezeigt ist.<\/p><p><strong>Reklamation<\/strong><\/p><p>Der Online-Shop ist verantwortlich f\u00fcr diese M\u00e4ngel und Fehler, die schon im Zeitpunkt der<\/p><p>\u00dcbergabe der Ware vorhanden waren oder die innerhalb der 2 Jahre ab \u00dcbergabe der Ware dem<\/p><p>K\u00e4ufer sichtbar werden. Innerhalb der ersten 6 Monate nach dem Kauf der Ware wird vorausgesetzt,<\/p><p>dass der Mangel schon im Zeitpunkt des Verkaufs vorhanden war. Innerhalb dieser Zeit liegt<\/p><p>die Beweispflicht beim Online-Shop.<\/p><p>Bei mangelhafter Ware kann der K\u00e4ufer sich sp\u00e4testens innerhalb der 2 Monate an Online-Shop wenden.<\/p><p>Schicken Sie E-Mail an <a href=\"mailto:info@etnoart.eu\">info@etnoart.eu<\/a>\u00a0 oder rufen Sie an: +3725177789..<\/p>    <\/div>\n<\/div>\n<!-- \/module text -->        <\/div>\n                        <\/div>\n        <\/div>\n        <\/div>\n<!--\/themify_builder_content-->","protected":false},"excerpt":{"rendered":"<p>Gebrauchsbedingungen Der Besitzer des Online-Shops Thorman.EE (weiterhin Online-Shop) ist O\u00dc EtnoArt (Handelsregisternr. 11909374), Standort Dorf Reiu, Gemeinde H\u00e4\u00e4demeeste, 86508 Landkreis P\u00e4rnu, Estland G\u00fcltigkeit des Kaufvertrags, Waren- und Preisinformation Verkaufsbedingungen gelten beim Einkauf im Online-Shop. Kaufpreise finden Sie bei Warenbezeichnungen im Online-Shop. Dem Kaufpreis werden Lieferungskosten hinzugef\u00fcgt. Lieferungskosten h\u00e4ngen vom Standort des K\u00e4ufers und der Lieferungsweise [&hellip;]<\/p>\n","protected":false},"author":1,"featured_media":0,"parent":0,"menu_order":0,"comment_status":"closed","ping_status":"closed","template":"","meta":{"footnotes":""},"class_list":["post-2188","page","type-page","status-publish","hentry","has-post-title","has-post-date","has-post-category","has-post-tag","has-post-comment","has-post-author",""],"yoast_head":"<!-- This site is optimized with the Yoast SEO plugin v27.2 - https:\/\/yoast.com\/product\/yoast-seo-wordpress\/ -->\n<title>Gebrauchsbedingungen | Thorman<\/title>\n<meta name=\"robots\" content=\"index, follow, max-snippet:-1, max-image-preview:large, max-video-preview:-1\" \/>\n<link rel=\"canonical\" href=\"https:\/\/thorman.ee\/de\/kasutustingimused-ja-tarneinfo\/\" \/>\n<meta property=\"og:locale\" content=\"de_DE\" \/>\n<meta property=\"og:type\" content=\"article\" \/>\n<meta property=\"og:title\" content=\"Gebrauchsbedingungen | Thorman\" \/>\n<meta property=\"og:description\" content=\"Gebrauchsbedingungen Der Besitzer des Online-Shops Thorman.EE (weiterhin Online-Shop) ist O\u00dc EtnoArt (Handelsregisternr. 11909374), Standort Dorf Reiu, Gemeinde H\u00e4\u00e4demeeste, 86508 Landkreis P\u00e4rnu, Estland G\u00fcltigkeit des Kaufvertrags, Waren- und Preisinformation Verkaufsbedingungen gelten beim Einkauf im Online-Shop. Kaufpreise finden Sie bei Warenbezeichnungen im Online-Shop. Dem Kaufpreis werden Lieferungskosten hinzugef\u00fcgt. Lieferungskosten h\u00e4ngen vom Standort des K\u00e4ufers und der Lieferungsweise [&hellip;]\" \/>\n<meta property=\"og:url\" content=\"https:\/\/thorman.ee\/de\/kasutustingimused-ja-tarneinfo\/\" \/>\n<meta property=\"og:site_name\" content=\"Thorman\" \/>\n<meta property=\"article:publisher\" content=\"https:\/\/www.facebook.com\/pages\/Thorman\/244234893981\" \/>\n<meta property=\"article:modified_time\" content=\"2020-04-30T18:03:27+00:00\" \/>\n<meta name=\"twitter:card\" content=\"summary_large_image\" \/>\n<meta name=\"twitter:label1\" content=\"Gesch\u00e4tzte Lesezeit\" \/>\n\t<meta name=\"twitter:data1\" content=\"3\u00a0Minuten\" \/>\n<script type=\"application\/ld+json\" class=\"yoast-schema-graph\">{\"@context\":\"https:\/\/schema.org\",\"@graph\":[{\"@type\":\"WebPage\",\"@id\":\"https:\/\/thorman.ee\/de\/kasutustingimused-ja-tarneinfo\/\",\"url\":\"https:\/\/thorman.ee\/de\/kasutustingimused-ja-tarneinfo\/\",\"name\":\"Gebrauchsbedingungen | Thorman\",\"isPartOf\":{\"@id\":\"https:\/\/thorman.ee\/#website\"},\"datePublished\":\"2018-06-26T09:42:04+00:00\",\"dateModified\":\"2020-04-30T18:03:27+00:00\",\"inLanguage\":\"de\",\"potentialAction\":[{\"@type\":\"ReadAction\",\"target\":[\"https:\/\/thorman.ee\/de\/kasutustingimused-ja-tarneinfo\/\"]}]},{\"@type\":\"WebSite\",\"@id\":\"https:\/\/thorman.ee\/#website\",\"url\":\"https:\/\/thorman.ee\/\",\"name\":\"Thorman\",\"description\":\"\",\"potentialAction\":[{\"@type\":\"SearchAction\",\"target\":{\"@type\":\"EntryPoint\",\"urlTemplate\":\"https:\/\/thorman.ee\/?s={search_term_string}\"},\"query-input\":{\"@type\":\"PropertyValueSpecification\",\"valueRequired\":true,\"valueName\":\"search_term_string\"}}],\"inLanguage\":\"de\"}]}<\/script>\n<!-- \/ Yoast SEO plugin. -->","yoast_head_json":{"title":"Gebrauchsbedingungen | Thorman","robots":{"index":"index","follow":"follow","max-snippet":"max-snippet:-1","max-image-preview":"max-image-preview:large","max-video-preview":"max-video-preview:-1"},"canonical":"https:\/\/thorman.ee\/de\/kasutustingimused-ja-tarneinfo\/","og_locale":"de_DE","og_type":"article","og_title":"Gebrauchsbedingungen | Thorman","og_description":"Gebrauchsbedingungen Der Besitzer des Online-Shops Thorman.EE (weiterhin Online-Shop) ist O\u00dc EtnoArt (Handelsregisternr. 11909374), Standort Dorf Reiu, Gemeinde H\u00e4\u00e4demeeste, 86508 Landkreis P\u00e4rnu, Estland G\u00fcltigkeit des Kaufvertrags, Waren- und Preisinformation Verkaufsbedingungen gelten beim Einkauf im Online-Shop. Kaufpreise finden Sie bei Warenbezeichnungen im Online-Shop. Dem Kaufpreis werden Lieferungskosten hinzugef\u00fcgt. Lieferungskosten h\u00e4ngen vom Standort des K\u00e4ufers und der Lieferungsweise [&hellip;]","og_url":"https:\/\/thorman.ee\/de\/kasutustingimused-ja-tarneinfo\/","og_site_name":"Thorman","article_publisher":"https:\/\/www.facebook.com\/pages\/Thorman\/244234893981","article_modified_time":"2020-04-30T18:03:27+00:00","twitter_card":"summary_large_image","twitter_misc":{"Gesch\u00e4tzte Lesezeit":"3\u00a0Minuten"},"schema":{"@context":"https:\/\/schema.org","@graph":[{"@type":"WebPage","@id":"https:\/\/thorman.ee\/de\/kasutustingimused-ja-tarneinfo\/","url":"https:\/\/thorman.ee\/de\/kasutustingimused-ja-tarneinfo\/","name":"Gebrauchsbedingungen | Thorman","isPartOf":{"@id":"https:\/\/thorman.ee\/#website"},"datePublished":"2018-06-26T09:42:04+00:00","dateModified":"2020-04-30T18:03:27+00:00","inLanguage":"de","potentialAction":[{"@type":"ReadAction","target":["https:\/\/thorman.ee\/de\/kasutustingimused-ja-tarneinfo\/"]}]},{"@type":"WebSite","@id":"https:\/\/thorman.ee\/#website","url":"https:\/\/thorman.ee\/","name":"Thorman","description":"","potentialAction":[{"@type":"SearchAction","target":{"@type":"EntryPoint","urlTemplate":"https:\/\/thorman.ee\/?s={search_term_string}"},"query-input":{"@type":"PropertyValueSpecification","valueRequired":true,"valueName":"search_term_string"}}],"inLanguage":"de"}]}},"builder_content":"<h1 style=\"text-align: center;\">Gebrauchsbedingungen<\/h1>\n<p>Der Besitzer des Online-Shops Thorman.EE (weiterhin Online-Shop) ist O\u00dc EtnoArt (Handelsregisternr. 11909374),<\/p><p>Standort Dorf Reiu, Gemeinde H\u00e4\u00e4demeeste, 86508 Landkreis P\u00e4rnu, Estland<\/p><p>G\u00fcltigkeit des Kaufvertrags, Waren- und Preisinformation<\/p><p>Verkaufsbedingungen gelten beim Einkauf im Online-Shop.<\/p><p>Kaufpreise finden Sie bei Warenbezeichnungen im Online-Shop. Dem Kaufpreis werden Lieferungskosten hinzugef\u00fcgt.<\/p><p>Lieferungskosten h\u00e4ngen vom Standort des K\u00e4ufers und der Lieferungsweise ab.<\/p><p>Lieferungsgeb\u00fchr wird dem K\u00e4ufer beim Bestellabschluss angezeigt.<\/p><p>N\u00e4here Information \u00fcber die Waren finden Sie im Online-Shop gleich bei Warenabbildungen.<\/p><p><strong>Bestellen<\/strong><\/p><p>Zum Bestellen sollten Sie die gew\u00fcnschten Waren in den Warenkorb legen. Zum Bestellabschluss sollten<\/p><p>Sie die erforderlichen Felder ausf\u00fcllen und die passende Lieferungsweise ausw\u00e4hlen. Danach wird auf dem Bildschirm<\/p><p>Lieferungsgeb\u00fchr angezeigt. Sie k\u00f6nnen per Online-Bank bezahlen oder eine andere Zahlungsm\u00f6glichkeit benutzen.<\/p><p>Der Kaufvertrag wird g\u00fcltig nach dem Einkommen des Kaufbetrags aufs Bankkonto des Online-Shops.<\/p><p>Falls es nicht m\u00f6glich ist, die bestellte Ware zu leifern (z. B. die Ware ist alle oder aus einem anderen Grund),<\/p><p>wird der Kunde davon so schnell wie m\u00f6glich informiert und die bezahlte Summe (einschliesslich Lieferungsgeb\u00fchr)<\/p><p>wird sofort zur\u00fcckgezahlt, aber nicht sp\u00e4ter als 14 Tage ab Senden der entsprechenden Meldung.<\/p><p>\u00a0<\/p><p><strong>Lieferung<\/strong><\/p><p>Waren werden in folgende L\u00e4nder geliefert: europ\u00e4ische Staaten und Amerika.<\/p><p>Lieferungskosten werden vom K\u00e4ufer getragen und entsprechende Information ist bei der Lieferungsweise<\/p><p>angezeigt. In Estland werden die Bestellungen meistens innerhalb 3-7 Arbeitstage ab Vertragsabschluss geliefert.<\/p><p>In Ausland\u00a0 werden Lieferungen den Adressaten binnen 15 Kalendertage erreichen.<\/p><p>In Ausnahmef\u00e4llen hat der Online-Shop Recht die Ware innerhalb der 30 Kalendertage zu liefern.<\/p><p>\u00a0<\/p><p><strong>Widerruf des Vertrags<\/strong><\/p><p>Der K\u00e4ufer hat binnen 14 Tage ab Lieferung der Waren Recht zum Wiederruf des Vertrags<\/p><p>[abh\u00e4ngig von der Ware kann der Kunde auch kein Widerrufsrecht haben, in diesem Fall sind entsprechende<\/p><p>Waren und Dienstleistungen laut \u00a7 53 Abs. 4 des Schuldrechtsgesetzes aufzulisten].<\/p><p>Widerrufsrecht ist nicht anwendbar, wenn der K\u00e4ufer eine juristische Person ist.<\/p><p>Um Ihr 14-t\u00e4giges Widerrufsrecht auszu\u00fcben, d\u00fcrfen Sie die Ware nur in dem Ma\u03b2e probieren und testen, wie es\u00a0<\/p><p>auch in einem herk\u00f6mmlichen Gesch\u00e4ft erlaubt ist.<\/p><p>Wenn die Ware unzweckm\u00e4\u03b2ig benutzt oder verschlissen ist und\u00a0 Merkmale der Abnutzung hat, kann der<\/p><p>Online-shop entsprechend der Wertminderung den R\u00fcckzahlungsbetrag reduzieren.<\/p><p>Zur R\u00fcckgabe sollten sie eine Widerrufserkl\u00e4rung sp\u00e4testens binnen<\/p><p>14 Tage ab Lieferung der Ware an E-Mail-Adresse <a href=\"mailto:info@etnoart.eu\">info@etnoart.eu<\/a> absenden.<\/p><p>Das entsprechende Formular zur R\u00fcckgabe der Waren finden Sie hier:<\/p><p>\u00a0<\/p><p><strong>Die R\u00fcckgabekosten tr\u00e4gt der K\u00e4ufer, ausgenommen in dem Fall, wenn die Ware nicht zur Bestellung entspricht<\/strong><\/p><p><strong>(falscher oder mangelhafter Produkt).<\/strong><\/p><p>Der K\u00e4ufer soll die Ware binnen 14 Tage ab Absendung der Widerrufserkl\u00e4rung zur\u00fccksenden oder<\/p><p>einen Nachweis erbringen, dass\u00a0 die Ware innerhalb dieser Zeitperiode dem Liefer \u00fcbergegeben ist.<\/p><p>Nach dem Erhalten der zur\u00fcckgesendeten Ware zahlt der Online-Shop sofort, aber nicht sp\u00e4ter als<\/p><p>binnen 14 Tage, den ganzen Kaufsbetrag dem K\u00e4ufer zur\u00fcck.<\/p><p>Der Online-Shop kann die R\u00fcckzahlung absagen, wenn die Ware nicht zur\u00fcckgeliefert ist oder bis der<\/p><p>K\u00e4ufer keinen Nachweis erbracht hat, dass er die Ware zur\u00fcckgesandt hat.<\/p><p>Wenn der K\u00e4ufer absichtlich eine Lieferungsweise ausw\u00e4hlt, die nicht die g\u00fcnstigste ist und von der<\/p><p>\u00fcblichen Lieferungweise des Online-Shops abweicht, ist der Shop nicht verpflichtet, mehr zur\u00fcckzuzahlen<\/p><p>als normale Ausgaben f\u00fcr Lieferung w\u00e4ren.<\/p><p>Der Online-Shop hat R\u00fccktrittsrecht vom Kaufvertrag und kann die Ware vom K\u00e4ufer zur\u00fcckfordern,<\/p><p>wenn der Preis im Online-Shop wegen eines Missgriffs wesentlich unter dem Marktpreis angezeigt ist.<\/p><p><strong>Reklamation<\/strong><\/p><p>Der Online-Shop ist verantwortlich f\u00fcr diese M\u00e4ngel und Fehler, die schon im Zeitpunkt der<\/p><p>\u00dcbergabe der Ware vorhanden waren oder die innerhalb der 2 Jahre ab \u00dcbergabe der Ware dem<\/p><p>K\u00e4ufer sichtbar werden. Innerhalb der ersten 6 Monate nach dem Kauf der Ware wird vorausgesetzt,<\/p><p>dass der Mangel schon im Zeitpunkt des Verkaufs vorhanden war. Innerhalb dieser Zeit liegt<\/p><p>die Beweispflicht beim Online-Shop.<\/p><p>Bei mangelhafter Ware kann der K\u00e4ufer sich sp\u00e4testens innerhalb der 2 Monate an Online-Shop wenden.<\/p><p>Schicken Sie E-Mail an <a href=\"mailto:info@etnoart.eu\">info@etnoart.eu<\/a>\u00a0 oder rufen Sie an: +3725177789..<\/p>","_links":{"self":[{"href":"https:\/\/thorman.ee\/de\/wp-json\/wp\/v2\/pages\/2188","targetHints":{"allow":["GET"]}}],"collection":[{"href":"https:\/\/thorman.ee\/de\/wp-json\/wp\/v2\/pages"}],"about":[{"href":"https:\/\/thorman.ee\/de\/wp-json\/wp\/v2\/types\/page"}],"author":[{"embeddable":true,"href":"https:\/\/thorman.ee\/de\/wp-json\/wp\/v2\/users\/1"}],"replies":[{"embeddable":true,"href":"https:\/\/thorman.ee\/de\/wp-json\/wp\/v2\/comments?post=2188"}],"version-history":[{"count":3,"href":"https:\/\/thorman.ee\/de\/wp-json\/wp\/v2\/pages\/2188\/revisions"}],"predecessor-version":[{"id":2191,"href":"https:\/\/thorman.ee\/de\/wp-json\/wp\/v2\/pages\/2188\/revisions\/2191"}],"wp:attachment":[{"href":"https:\/\/thorman.ee\/de\/wp-json\/wp\/v2\/media?parent=2188"}],"curies":[{"name":"wp","href":"https:\/\/api.w.org\/{rel}","templated":true}]}}