{"id":1296,"date":"2018-06-26T13:18:04","date_gmt":"2018-06-26T10:18:04","guid":{"rendered":"https:\/\/www.thorman.ee\/andmete-kasitlemine\/"},"modified":"2020-04-30T21:35:37","modified_gmt":"2020-04-30T18:35:37","slug":"andmete-kasitlemine","status":"publish","type":"page","link":"https:\/\/thorman.ee\/en\/andmete-kasitlemine\/","title":{"rendered":"Processing of Personal Data"},"content":{"rendered":"<!--themify_builder_content-->\n<div id=\"themify_builder_content-1296\" data-postid=\"1296\" class=\"themify_builder_content themify_builder_content-1296 themify_builder tf_clear\">\n                    <div  data-lazy=\"1\" class=\"module_row themify_builder_row tb_2ffb87c tb_first tf_w\">\n                        <div class=\"row_inner col_align_top tb_col_count_1 tf_box tf_rel\">\n                        <div  data-lazy=\"1\" class=\"module_column tb-column col-full tb_74eeb71 first\">\n                    <!-- module text -->\n<div  class=\"module module-text tb_4657cf1  repeat \" data-lazy=\"1\">\n        <div  class=\"tb_text_wrap\">\n        <h1 style=\"text-align: center;\">PROCESSING OF PERSONAL DATA<\/h1>\n    <\/div>\n<\/div>\n<!-- \/module text -->        <\/div>\n                        <\/div>\n        <\/div>\n                        <div  data-css_id=\"c13e4ed\" data-lazy=\"1\" class=\"module_row themify_builder_row fullwidth_row_container tb_c13e4ed tf_w\">\n                        <div class=\"row_inner col_align_top tb_col_count_1 tf_box tf_rel\">\n                        <div  data-lazy=\"1\" class=\"module_column tb-column col-full tb_5536e30 first\">\n                    <!-- module text -->\n<div  class=\"module module-text tb_9129ecf  repeat \" data-lazy=\"1\">\n        <div  class=\"tb_text_wrap\">\n        <p><strong>PROCESSING OF PERSONAL DATA<br \/><\/strong><\/p><p>The controller of the personal data of the online shop is EtnoArt O\u00dc (registry code 11909374), located at Reiu k\u00fcla , H\u00e4\u00e4demeeste v. ,86508 P\u00e4rnumaa, \u00a0Estonia<\/p><p>phone +3725177789 and email <a href=\"mailto:info@etnoart.eu\">info@etnoart.eu<\/a> .<\/p><p>\u00a0<\/p><p><strong>What are cookies and how do they benefit you?<\/strong><\/p><p>Cookies are small text files that are placed on your device&#8217;s (e.g., computer, mobile, tablet) browser when visiting websites. They are widely used to make websites work better and more efficiently.<\/p><p>Cookies help us:<\/p><ul><li>make our website work according to your expectations<\/li><li>keep you logged on every time you visit our page<\/li><li>remember your settings during and between visits<\/li><li>improve page speed \/ security<\/li><li>enable you to share content on social networks such as Facebook, Twitter, LinkedIn<\/li><li>when logged on, help you to find what you are looking for faster<\/li><li>continuously improve our website experience for you<\/li><\/ul><p>\u2022 make marketing more effective<\/p>    <\/div>\n<\/div>\n<!-- \/module text -->        <\/div>\n                        <\/div>\n        <\/div>\n        <\/div>\n<!--\/themify_builder_content-->","protected":false},"excerpt":{"rendered":"<p>PROCESSING OF PERSONAL DATA PROCESSING OF PERSONAL DATA The controller of the personal data of the online shop is EtnoArt O\u00dc (registry code 11909374), located at Reiu k\u00fcla , H\u00e4\u00e4demeeste v. ,86508 P\u00e4rnumaa, \u00a0Estonia phone +3725177789 and email info@etnoart.eu . \u00a0 What are cookies and how do they benefit you? Cookies are small text files [&hellip;]<\/p>\n","protected":false},"author":1,"featured_media":0,"parent":0,"menu_order":0,"comment_status":"closed","ping_status":"closed","template":"","meta":{"footnotes":""},"class_list":["post-1296","page","type-page","status-publish","hentry","has-post-title","has-post-date","has-post-category","has-post-tag","has-post-comment","has-post-author",""],"yoast_head":"<!-- This site is optimized with the Yoast SEO plugin v27.4 - https:\/\/yoast.com\/product\/yoast-seo-wordpress\/ -->\n<title>Processing of Personal Data | Thorman<\/title>\n<meta name=\"robots\" content=\"index, follow, max-snippet:-1, max-image-preview:large, max-video-preview:-1\" \/>\n<link rel=\"canonical\" href=\"https:\/\/thorman.ee\/en\/andmete-kasitlemine\/\" \/>\n<meta property=\"og:locale\" content=\"en_US\" \/>\n<meta property=\"og:type\" content=\"article\" \/>\n<meta property=\"og:title\" content=\"Processing of Personal Data | Thorman\" \/>\n<meta property=\"og:description\" content=\"PROCESSING OF PERSONAL DATA PROCESSING OF PERSONAL DATA The controller of the personal data of the online shop is EtnoArt O\u00dc (registry code 11909374), located at Reiu k\u00fcla , H\u00e4\u00e4demeeste v. ,86508 P\u00e4rnumaa, \u00a0Estonia phone +3725177789 and email info@etnoart.eu . \u00a0 What are cookies and how do they benefit you? Cookies are small text files [&hellip;]\" \/>\n<meta property=\"og:url\" content=\"https:\/\/thorman.ee\/en\/andmete-kasitlemine\/\" \/>\n<meta property=\"og:site_name\" content=\"Thorman\" \/>\n<meta property=\"article:publisher\" content=\"https:\/\/www.facebook.com\/pages\/Thorman\/244234893981\" \/>\n<meta property=\"article:modified_time\" content=\"2020-04-30T18:35:37+00:00\" \/>\n<meta name=\"twitter:card\" content=\"summary_large_image\" \/>\n<meta name=\"twitter:label1\" content=\"Est. reading time\" \/>\n\t<meta name=\"twitter:data1\" content=\"1 minute\" \/>\n<script type=\"application\/ld+json\" class=\"yoast-schema-graph\">{\"@context\":\"https:\\\/\\\/schema.org\",\"@graph\":[{\"@type\":\"WebPage\",\"@id\":\"https:\\\/\\\/thorman.ee\\\/en\\\/andmete-kasitlemine\\\/\",\"url\":\"https:\\\/\\\/thorman.ee\\\/en\\\/andmete-kasitlemine\\\/\",\"name\":\"Processing of Personal Data | Thorman\",\"isPartOf\":{\"@id\":\"https:\\\/\\\/thorman.ee\\\/#website\"},\"datePublished\":\"2018-06-26T10:18:04+00:00\",\"dateModified\":\"2020-04-30T18:35:37+00:00\",\"inLanguage\":\"en-US\",\"potentialAction\":[{\"@type\":\"ReadAction\",\"target\":[\"https:\\\/\\\/thorman.ee\\\/en\\\/andmete-kasitlemine\\\/\"]}]},{\"@type\":\"WebSite\",\"@id\":\"https:\\\/\\\/thorman.ee\\\/#website\",\"url\":\"https:\\\/\\\/thorman.ee\\\/\",\"name\":\"Thorman\",\"description\":\"\",\"potentialAction\":[{\"@type\":\"SearchAction\",\"target\":{\"@type\":\"EntryPoint\",\"urlTemplate\":\"https:\\\/\\\/thorman.ee\\\/?s={search_term_string}\"},\"query-input\":{\"@type\":\"PropertyValueSpecification\",\"valueRequired\":true,\"valueName\":\"search_term_string\"}}],\"inLanguage\":\"en-US\"}]}<\/script>\n<!-- \/ Yoast SEO plugin. -->","yoast_head_json":{"title":"Processing of Personal Data | Thorman","robots":{"index":"index","follow":"follow","max-snippet":"max-snippet:-1","max-image-preview":"max-image-preview:large","max-video-preview":"max-video-preview:-1"},"canonical":"https:\/\/thorman.ee\/en\/andmete-kasitlemine\/","og_locale":"en_US","og_type":"article","og_title":"Processing of Personal Data | Thorman","og_description":"PROCESSING OF PERSONAL DATA PROCESSING OF PERSONAL DATA The controller of the personal data of the online shop is EtnoArt O\u00dc (registry code 11909374), located at Reiu k\u00fcla , H\u00e4\u00e4demeeste v. ,86508 P\u00e4rnumaa, \u00a0Estonia phone +3725177789 and email info@etnoart.eu . \u00a0 What are cookies and how do they benefit you? Cookies are small text files [&hellip;]","og_url":"https:\/\/thorman.ee\/en\/andmete-kasitlemine\/","og_site_name":"Thorman","article_publisher":"https:\/\/www.facebook.com\/pages\/Thorman\/244234893981","article_modified_time":"2020-04-30T18:35:37+00:00","twitter_card":"summary_large_image","twitter_misc":{"Est. reading time":"1 minute"},"schema":{"@context":"https:\/\/schema.org","@graph":[{"@type":"WebPage","@id":"https:\/\/thorman.ee\/en\/andmete-kasitlemine\/","url":"https:\/\/thorman.ee\/en\/andmete-kasitlemine\/","name":"Processing of Personal Data | Thorman","isPartOf":{"@id":"https:\/\/thorman.ee\/#website"},"datePublished":"2018-06-26T10:18:04+00:00","dateModified":"2020-04-30T18:35:37+00:00","inLanguage":"en-US","potentialAction":[{"@type":"ReadAction","target":["https:\/\/thorman.ee\/en\/andmete-kasitlemine\/"]}]},{"@type":"WebSite","@id":"https:\/\/thorman.ee\/#website","url":"https:\/\/thorman.ee\/","name":"Thorman","description":"","potentialAction":[{"@type":"SearchAction","target":{"@type":"EntryPoint","urlTemplate":"https:\/\/thorman.ee\/?s={search_term_string}"},"query-input":{"@type":"PropertyValueSpecification","valueRequired":true,"valueName":"search_term_string"}}],"inLanguage":"en-US"}]}},"builder_content":"<h1 style=\"text-align: center;\">PROCESSING OF PERSONAL DATA<\/h1>\n<p><strong>PROCESSING OF PERSONAL DATA<br \/><\/strong><\/p><p>The controller of the personal data of the online shop is EtnoArt O\u00dc (registry code 11909374), located at Reiu k\u00fcla , H\u00e4\u00e4demeeste v. ,86508 P\u00e4rnumaa, \u00a0Estonia<\/p><p>phone +3725177789 and email <a href=\"mailto:info@etnoart.eu\">info@etnoart.eu<\/a> .<\/p><p>\u00a0<\/p><p><strong>What are cookies and how do they benefit you?<\/strong><\/p><p>Cookies are small text files that are placed on your device's (e.g., computer, mobile, tablet) browser when visiting websites. They are widely used to make websites work better and more efficiently.<\/p><p>Cookies help us:<\/p><ul><li>make our website work according to your expectations<\/li><li>keep you logged on every time you visit our page<\/li><li>remember your settings during and between visits<\/li><li>improve page speed \/ security<\/li><li>enable you to share content on social networks such as Facebook, Twitter, LinkedIn<\/li><li>when logged on, help you to find what you are looking for faster<\/li><li>continuously improve our website experience for you<\/li><\/ul><p>\u2022 make marketing more effective<\/p>","_links":{"self":[{"href":"https:\/\/thorman.ee\/en\/wp-json\/wp\/v2\/pages\/1296","targetHints":{"allow":["GET"]}}],"collection":[{"href":"https:\/\/thorman.ee\/en\/wp-json\/wp\/v2\/pages"}],"about":[{"href":"https:\/\/thorman.ee\/en\/wp-json\/wp\/v2\/types\/page"}],"author":[{"embeddable":true,"href":"https:\/\/thorman.ee\/en\/wp-json\/wp\/v2\/users\/1"}],"replies":[{"embeddable":true,"href":"https:\/\/thorman.ee\/en\/wp-json\/wp\/v2\/comments?post=1296"}],"version-history":[{"count":7,"href":"https:\/\/thorman.ee\/en\/wp-json\/wp\/v2\/pages\/1296\/revisions"}],"predecessor-version":[{"id":2364,"href":"https:\/\/thorman.ee\/en\/wp-json\/wp\/v2\/pages\/1296\/revisions\/2364"}],"wp:attachment":[{"href":"https:\/\/thorman.ee\/en\/wp-json\/wp\/v2\/media?parent=1296"}],"curies":[{"name":"wp","href":"https:\/\/api.w.org\/{rel}","templated":true}]}}