{"id":1661,"date":"2018-06-26T13:18:04","date_gmt":"2018-06-26T10:18:04","guid":{"rendered":"https:\/\/www.thorman.ee\/andmete-kasitlemine\/"},"modified":"2020-05-02T11:28:20","modified_gmt":"2020-05-02T08:28:20","slug":"andmete-kasitlemine","status":"publish","type":"page","link":"https:\/\/thorman.ee\/ru\/andmete-kasitlemine\/","title":{"rendered":"\u041e\u0411\u0420\u0410\u0411\u041e\u0422\u041a\u0410 \u041b\u0418\u0427\u041d\u042b\u0425 \u0414\u0410\u041d\u041d\u042b\u0425"},"content":{"rendered":"<!--themify_builder_content-->\n<div id=\"themify_builder_content-1661\" data-postid=\"1661\" class=\"themify_builder_content themify_builder_content-1661 themify_builder tf_clear\">\n                    <div  data-lazy=\"1\" class=\"module_row themify_builder_row tb_3c78477 tb_first tf_w\">\n                        <div class=\"row_inner col_align_top tb_col_count_1 tf_box tf_rel\">\n                        <div  data-lazy=\"1\" class=\"module_column tb-column col-full tb_9bd5b59 first\">\n                    <!-- module text -->\n<div  class=\"module module-text tb_5075fef  repeat \" data-lazy=\"1\">\n        <div  class=\"tb_text_wrap\">\n        <h1 style=\"text-align: center;\">\u041e\u0411\u0420\u0410\u0411\u041e\u0422\u041a\u0410 \u041b\u0418\u0427\u041d\u042b\u0425 \u0414\u0410\u041d\u041d\u042b\u0425 <\/h1>\n    <\/div>\n<\/div>\n<!-- \/module text -->        <\/div>\n                        <\/div>\n        <\/div>\n                        <div  data-css_id=\"db363c8\" data-lazy=\"1\" class=\"module_row themify_builder_row fullwidth_row_container tb_db363c8 tf_w\">\n                        <div class=\"row_inner col_align_top tb_col_count_1 tf_box tf_rel\">\n                        <div  data-lazy=\"1\" class=\"module_column tb-column col-full tb_a269d96 first\">\n                    <!-- module text -->\n<div  class=\"module module-text tb_5ee51a1  repeat \" data-lazy=\"1\">\n        <div  class=\"tb_text_wrap\">\n        <p>\u041e\u0442\u0432\u0435\u0442\u0441\u0442\u0432\u0435\u043d\u043d\u044b\u043c \u043e\u0431\u0440\u0430\u0431\u043e\u0442\u0447\u0438\u043a\u043e\u043c \u043b\u0438\u0447\u043d\u044b\u0445 \u0434\u0430\u043d\u043d\u044b\u0445 \u0438\u043d\u0442\u0435\u0440\u043d\u0435\u0442-\u043c\u0430\u0433\u0430\u0437\u0438\u043d\u0430 Thorman.ee \u044f\u0432\u043b\u044f\u0435\u0442\u0441\u044f EtnoArt O\u00dc (\u0440\u0435\u0433\u0438\u0441\u0442\u0440\u0430\u0446\u0438\u043e\u043d\u043d\u044b\u0439 \u043d\u043e\u043c\u0435\u0440: 11909374 ), \u043c\u0435\u0441\u0442\u043e\u043f\u043e\u043b\u043e\u0436\u0435\u043d\u0438\u0435: Reiu k\u00fcla<\/p><p>H\u00e4\u00e4demeeste v. 86508 P\u00e4rnumaa, Estonia<\/p><p>\u0442\u0435\u043b.: +3725177789 \u0438 \u0430\u0434\u0440\u0435\u0441 \u044d\u043b\u0435\u043a\u0442\u0440\u043e\u043d\u043d\u043e\u0439 \u043f\u043e\u0447\u0442\u044b: <a href=\"mailto:info@etnoart.eu\">info@etnoart.eu<\/a> .<\/p><p><strong>\u0427\u0442\u043e \u0442\u0430\u043a\u043e\u0435 cookie-\u0444\u0430\u0439\u043b\u044b \u0438 \u043a\u0430\u043a\u0443\u044e \u043f\u043e\u043b\u044c\u0437\u0443 \u043e\u043d\u0438 \u043f\u0440\u0438\u043d\u043e\u0441\u044f\u0442 \u0412\u0430\u043c?<\/strong><\/p><p>Cookie-\u0444\u0430\u0439\u043b\u044b \u2013 \u044d\u0442\u043e \u043d\u0435\u0431\u043e\u043b\u044c\u0448\u0438\u0435 \u0442\u0435\u043a\u0441\u0442\u043e\u0432\u044b\u0435 \u0444\u0430\u0439\u043b\u044b, \u043a\u043e\u0442\u043e\u0440\u044b\u0435 \u0437\u0430\u043f\u0438\u0441\u044b\u0432\u0430\u044e\u0442\u0441\u044f \u0432 \u0431\u0440\u0430\u0443\u0437\u0435\u0440\u0435 \u0412\u0430\u0448\u0435\u0433\u043e \u0443\u0441\u0442\u0440\u043e\u0439\u0441\u0442\u0432\u0430 (\u043d\u0430\u043f\u0440\u0438\u043c\u0435\u0440, \u043a\u043e\u043c\u043f\u044c\u044e\u0442\u0435\u0440\u0430, \u043c\u043e\u0431\u0438\u043b\u044c\u043d\u043e\u0433\u043e \u0442\u0435\u043b\u0435\u0444\u043e\u043d\u0430, \u043f\u043b\u0430\u043d\u0448\u0435\u0442\u0430), \u043a\u043e\u0433\u0434\u0430 \u0412\u044b \u043f\u043e\u0441\u0435\u0449\u0430\u0435\u0442\u0435 \u0432\u0435\u0431-\u0441\u0430\u0439\u0442\u044b. \u041e\u043d\u0438 \u0448\u0438\u0440\u043e\u043a\u043e \u0438\u0441\u043f\u043e\u043b\u044c\u0437\u0443\u044e\u0442\u0441\u044f \u0434\u043b\u044f \u043b\u0443\u0447\u0448\u0435\u0439 \u0438 \u0431\u043e\u043b\u0435\u0435 \u044d\u0444\u0444\u0435\u043a\u0442\u0438\u0432\u043d\u043e\u0439 \u0440\u0430\u0431\u043e\u0442\u044b \u0441\u0430\u0439\u0442\u043e\u0432.<\/p><p>Cookie-\u0444\u0430\u0439\u043b\u044b \u043f\u043e\u043c\u043e\u0433\u0430\u044e\u0442 \u043d\u0430\u043c:<\/p><ul><li>\u043d\u0430\u0441\u0442\u0440\u043e\u0438\u0442\u044c \u043d\u0430\u0448 \u0441\u0430\u0439\u0442 \u0432 \u0441\u043e\u043e\u0442\u0432\u0435\u0442\u0441\u0442\u0432\u0438\u0438 \u0441 \u0412\u0430\u0448\u0438\u043c\u0438 \u043e\u0436\u0438\u0434\u0430\u043d\u0438\u044f\u043c\u0438<\/li><li>\u0443\u0431\u0435\u0440\u0435\u0447\u044c \u0412\u0430\u0441 \u043e\u0442 \u043d\u0435\u043e\u0431\u0445\u043e\u0434\u0438\u043c\u043e\u0441\u0442\u0438 \u0437\u0430\u0445\u043e\u0434\u0438\u0442\u044c \u0432 \u0441\u0438\u0441\u0442\u0435\u043c\u0443 \u0441\u0430\u0439\u0442\u0430 \u043f\u0440\u0438 \u043a\u0430\u0436\u0434\u043e\u043c \u043f\u043e\u0441\u0435\u0449\u0435\u043d\u0438\u0438<\/li><li>\u0437\u0430\u043f\u043e\u043c\u043d\u0438\u0442\u044c \u0412\u0430\u0448\u0438 \u043d\u0430\u0441\u0442\u0440\u043e\u0439\u043a\u0438 \u0432\u043e \u0432\u0440\u0435\u043c\u044f \u043f\u043e\u0441\u0435\u0449\u0435\u043d\u0438\u0439 \u0438 \u043c\u0435\u0436\u0434\u0443 \u043d\u0438\u043c\u0438<\/li><li>\u043f\u043e\u0432\u044b\u0441\u0438\u0442\u044c \u0441\u043a\u043e\u0440\u043e\u0441\u0442\u044c \u0437\u0430\u0433\u0440\u0443\u0437\u043a\u0438\/\u0431\u0435\u0437\u043e\u043f\u0430\u0441\u043d\u043e\u0441\u0442\u044c \u0441\u0430\u0439\u0442\u0430<\/li><li>\u043f\u0440\u0435\u0434\u043e\u0441\u0442\u0430\u0432\u0438\u0442\u044c \u0412\u0430\u043c \u0432\u043e\u0437\u043c\u043e\u0436\u043d\u043e\u0441\u0442\u044c \u043f\u043e\u0434\u0435\u043b\u0438\u0442\u044c\u0441\u044f \u0441\u0442\u0440\u0430\u043d\u0438\u0446\u0435\u0439 \u0432 \u0441\u043e\u0446\u0438\u0430\u043b\u044c\u043d\u044b\u0445 \u0441\u0435\u0442\u044f\u0445, \u043d\u0430\u043f\u0440\u0438\u043c\u0435\u0440, Facebook, Twitter, LinkedIn<\/li><li>\u043f\u0435\u0440\u0441\u043e\u043d\u0430\u043b\u0438\u0437\u0438\u0440\u043e\u0432\u0430\u0442\u044c \u0441\u0430\u0439\u0442 \u043f\u043e\u0441\u043b\u0435 \u0432\u0445\u043e\u0434\u0430 \u0432 \u0441\u0438\u0441\u0442\u0435\u043c\u0443, \u0447\u0442\u043e\u0431\u044b \u0412\u044b \u043c\u043e\u0433\u043b\u0438 \u0431\u044b\u0441\u0442\u0440\u0435\u0435 \u043d\u0430\u0439\u0442\u0438 \u043d\u0443\u0436\u043d\u043e\u0435 \u0412\u0430\u043c<\/li><li>\u043f\u043e\u0441\u0442\u043e\u044f\u043d\u043d\u043e \u043f\u043e\u043f\u043e\u043b\u043d\u044f\u0442\u044c \u0441\u0432\u043e\u0439 \u0441\u0430\u0439\u0442 \u0434\u043b\u044f \u0412\u0430\u0441<\/li><li>\u043f\u043e\u0432\u044b\u0448\u0430\u0442\u044c \u044d\u0444\u0444\u0435\u043a\u0442\u0438\u0432\u043d\u043e\u0441\u0442\u044c \u043c\u0430\u0440\u043a\u0435\u0442\u0438\u043d\u0433\u0430<\/li><\/ul>    <\/div>\n<\/div>\n<!-- \/module text -->        <\/div>\n                        <\/div>\n        <\/div>\n        <\/div>\n<!--\/themify_builder_content-->","protected":false},"excerpt":{"rendered":"<p>\u041e\u0411\u0420\u0410\u0411\u041e\u0422\u041a\u0410 \u041b\u0418\u0427\u041d\u042b\u0425 \u0414\u0410\u041d\u041d\u042b\u0425 \u041e\u0442\u0432\u0435\u0442\u0441\u0442\u0432\u0435\u043d\u043d\u044b\u043c \u043e\u0431\u0440\u0430\u0431\u043e\u0442\u0447\u0438\u043a\u043e\u043c \u043b\u0438\u0447\u043d\u044b\u0445 \u0434\u0430\u043d\u043d\u044b\u0445 \u0438\u043d\u0442\u0435\u0440\u043d\u0435\u0442-\u043c\u0430\u0433\u0430\u0437\u0438\u043d\u0430 Thorman.ee \u044f\u0432\u043b\u044f\u0435\u0442\u0441\u044f EtnoArt O\u00dc (\u0440\u0435\u0433\u0438\u0441\u0442\u0440\u0430\u0446\u0438\u043e\u043d\u043d\u044b\u0439 \u043d\u043e\u043c\u0435\u0440: 11909374 ), \u043c\u0435\u0441\u0442\u043e\u043f\u043e\u043b\u043e\u0436\u0435\u043d\u0438\u0435: Reiu k\u00fcla H\u00e4\u00e4demeeste v. 86508 P\u00e4rnumaa, Estonia \u0442\u0435\u043b.: +3725177789 \u0438 \u0430\u0434\u0440\u0435\u0441 \u044d\u043b\u0435\u043a\u0442\u0440\u043e\u043d\u043d\u043e\u0439 \u043f\u043e\u0447\u0442\u044b: info@etnoart.eu . \u0427\u0442\u043e \u0442\u0430\u043a\u043e\u0435 cookie-\u0444\u0430\u0439\u043b\u044b \u0438 \u043a\u0430\u043a\u0443\u044e \u043f\u043e\u043b\u044c\u0437\u0443 \u043e\u043d\u0438 \u043f\u0440\u0438\u043d\u043e\u0441\u044f\u0442 \u0412\u0430\u043c? Cookie-\u0444\u0430\u0439\u043b\u044b \u2013 \u044d\u0442\u043e \u043d\u0435\u0431\u043e\u043b\u044c\u0448\u0438\u0435 \u0442\u0435\u043a\u0441\u0442\u043e\u0432\u044b\u0435 \u0444\u0430\u0439\u043b\u044b, \u043a\u043e\u0442\u043e\u0440\u044b\u0435 \u0437\u0430\u043f\u0438\u0441\u044b\u0432\u0430\u044e\u0442\u0441\u044f \u0432 \u0431\u0440\u0430\u0443\u0437\u0435\u0440\u0435 \u0412\u0430\u0448\u0435\u0433\u043e \u0443\u0441\u0442\u0440\u043e\u0439\u0441\u0442\u0432\u0430 (\u043d\u0430\u043f\u0440\u0438\u043c\u0435\u0440, \u043a\u043e\u043c\u043f\u044c\u044e\u0442\u0435\u0440\u0430, [&hellip;]<\/p>\n","protected":false},"author":1,"featured_media":0,"parent":0,"menu_order":0,"comment_status":"closed","ping_status":"closed","template":"","meta":{"footnotes":""},"class_list":["post-1661","page","type-page","status-publish","hentry","has-post-title","has-post-date","has-post-category","has-post-tag","has-post-comment","has-post-author",""],"yoast_head":"<!-- This site is optimized with the Yoast SEO plugin v27.2 - https:\/\/yoast.com\/product\/yoast-seo-wordpress\/ -->\n<title>\u041e\u0411\u0420\u0410\u0411\u041e\u0422\u041a\u0410 \u041b\u0418\u0427\u041d\u042b\u0425 \u0414\u0410\u041d\u041d\u042b\u0425 | Thorman<\/title>\n<meta name=\"robots\" content=\"index, follow, max-snippet:-1, max-image-preview:large, max-video-preview:-1\" \/>\n<link rel=\"canonical\" href=\"https:\/\/thorman.ee\/ru\/andmete-kasitlemine\/\" \/>\n<meta property=\"og:locale\" content=\"ru_RU\" \/>\n<meta property=\"og:type\" content=\"article\" \/>\n<meta property=\"og:title\" content=\"\u041e\u0411\u0420\u0410\u0411\u041e\u0422\u041a\u0410 \u041b\u0418\u0427\u041d\u042b\u0425 \u0414\u0410\u041d\u041d\u042b\u0425 | Thorman\" \/>\n<meta property=\"og:description\" content=\"\u041e\u0411\u0420\u0410\u0411\u041e\u0422\u041a\u0410 \u041b\u0418\u0427\u041d\u042b\u0425 \u0414\u0410\u041d\u041d\u042b\u0425 \u041e\u0442\u0432\u0435\u0442\u0441\u0442\u0432\u0435\u043d\u043d\u044b\u043c \u043e\u0431\u0440\u0430\u0431\u043e\u0442\u0447\u0438\u043a\u043e\u043c \u043b\u0438\u0447\u043d\u044b\u0445 \u0434\u0430\u043d\u043d\u044b\u0445 \u0438\u043d\u0442\u0435\u0440\u043d\u0435\u0442-\u043c\u0430\u0433\u0430\u0437\u0438\u043d\u0430 Thorman.ee \u044f\u0432\u043b\u044f\u0435\u0442\u0441\u044f EtnoArt O\u00dc (\u0440\u0435\u0433\u0438\u0441\u0442\u0440\u0430\u0446\u0438\u043e\u043d\u043d\u044b\u0439 \u043d\u043e\u043c\u0435\u0440: 11909374 ), \u043c\u0435\u0441\u0442\u043e\u043f\u043e\u043b\u043e\u0436\u0435\u043d\u0438\u0435: Reiu k\u00fcla H\u00e4\u00e4demeeste v. 86508 P\u00e4rnumaa, Estonia \u0442\u0435\u043b.: +3725177789 \u0438 \u0430\u0434\u0440\u0435\u0441 \u044d\u043b\u0435\u043a\u0442\u0440\u043e\u043d\u043d\u043e\u0439 \u043f\u043e\u0447\u0442\u044b: info@etnoart.eu . \u0427\u0442\u043e \u0442\u0430\u043a\u043e\u0435 cookie-\u0444\u0430\u0439\u043b\u044b \u0438 \u043a\u0430\u043a\u0443\u044e \u043f\u043e\u043b\u044c\u0437\u0443 \u043e\u043d\u0438 \u043f\u0440\u0438\u043d\u043e\u0441\u044f\u0442 \u0412\u0430\u043c? Cookie-\u0444\u0430\u0439\u043b\u044b \u2013 \u044d\u0442\u043e \u043d\u0435\u0431\u043e\u043b\u044c\u0448\u0438\u0435 \u0442\u0435\u043a\u0441\u0442\u043e\u0432\u044b\u0435 \u0444\u0430\u0439\u043b\u044b, \u043a\u043e\u0442\u043e\u0440\u044b\u0435 \u0437\u0430\u043f\u0438\u0441\u044b\u0432\u0430\u044e\u0442\u0441\u044f \u0432 \u0431\u0440\u0430\u0443\u0437\u0435\u0440\u0435 \u0412\u0430\u0448\u0435\u0433\u043e \u0443\u0441\u0442\u0440\u043e\u0439\u0441\u0442\u0432\u0430 (\u043d\u0430\u043f\u0440\u0438\u043c\u0435\u0440, \u043a\u043e\u043c\u043f\u044c\u044e\u0442\u0435\u0440\u0430, [&hellip;]\" \/>\n<meta property=\"og:url\" content=\"https:\/\/thorman.ee\/ru\/andmete-kasitlemine\/\" \/>\n<meta property=\"og:site_name\" content=\"Thorman\" \/>\n<meta property=\"article:publisher\" content=\"https:\/\/www.facebook.com\/pages\/Thorman\/244234893981\" \/>\n<meta property=\"article:modified_time\" content=\"2020-05-02T08:28:20+00:00\" \/>\n<meta name=\"twitter:card\" content=\"summary_large_image\" \/>\n<script type=\"application\/ld+json\" class=\"yoast-schema-graph\">{\"@context\":\"https:\/\/schema.org\",\"@graph\":[{\"@type\":\"WebPage\",\"@id\":\"https:\/\/thorman.ee\/ru\/andmete-kasitlemine\/\",\"url\":\"https:\/\/thorman.ee\/ru\/andmete-kasitlemine\/\",\"name\":\"\u041e\u0411\u0420\u0410\u0411\u041e\u0422\u041a\u0410 \u041b\u0418\u0427\u041d\u042b\u0425 \u0414\u0410\u041d\u041d\u042b\u0425 | Thorman\",\"isPartOf\":{\"@id\":\"https:\/\/thorman.ee\/#website\"},\"datePublished\":\"2018-06-26T10:18:04+00:00\",\"dateModified\":\"2020-05-02T08:28:20+00:00\",\"inLanguage\":\"ru-RU\",\"potentialAction\":[{\"@type\":\"ReadAction\",\"target\":[\"https:\/\/thorman.ee\/ru\/andmete-kasitlemine\/\"]}]},{\"@type\":\"WebSite\",\"@id\":\"https:\/\/thorman.ee\/#website\",\"url\":\"https:\/\/thorman.ee\/\",\"name\":\"Thorman\",\"description\":\"\",\"potentialAction\":[{\"@type\":\"SearchAction\",\"target\":{\"@type\":\"EntryPoint\",\"urlTemplate\":\"https:\/\/thorman.ee\/?s={search_term_string}\"},\"query-input\":{\"@type\":\"PropertyValueSpecification\",\"valueRequired\":true,\"valueName\":\"search_term_string\"}}],\"inLanguage\":\"ru-RU\"}]}<\/script>\n<!-- \/ Yoast SEO plugin. -->","yoast_head_json":{"title":"\u041e\u0411\u0420\u0410\u0411\u041e\u0422\u041a\u0410 \u041b\u0418\u0427\u041d\u042b\u0425 \u0414\u0410\u041d\u041d\u042b\u0425 | Thorman","robots":{"index":"index","follow":"follow","max-snippet":"max-snippet:-1","max-image-preview":"max-image-preview:large","max-video-preview":"max-video-preview:-1"},"canonical":"https:\/\/thorman.ee\/ru\/andmete-kasitlemine\/","og_locale":"ru_RU","og_type":"article","og_title":"\u041e\u0411\u0420\u0410\u0411\u041e\u0422\u041a\u0410 \u041b\u0418\u0427\u041d\u042b\u0425 \u0414\u0410\u041d\u041d\u042b\u0425 | Thorman","og_description":"\u041e\u0411\u0420\u0410\u0411\u041e\u0422\u041a\u0410 \u041b\u0418\u0427\u041d\u042b\u0425 \u0414\u0410\u041d\u041d\u042b\u0425 \u041e\u0442\u0432\u0435\u0442\u0441\u0442\u0432\u0435\u043d\u043d\u044b\u043c \u043e\u0431\u0440\u0430\u0431\u043e\u0442\u0447\u0438\u043a\u043e\u043c \u043b\u0438\u0447\u043d\u044b\u0445 \u0434\u0430\u043d\u043d\u044b\u0445 \u0438\u043d\u0442\u0435\u0440\u043d\u0435\u0442-\u043c\u0430\u0433\u0430\u0437\u0438\u043d\u0430 Thorman.ee \u044f\u0432\u043b\u044f\u0435\u0442\u0441\u044f EtnoArt O\u00dc (\u0440\u0435\u0433\u0438\u0441\u0442\u0440\u0430\u0446\u0438\u043e\u043d\u043d\u044b\u0439 \u043d\u043e\u043c\u0435\u0440: 11909374 ), \u043c\u0435\u0441\u0442\u043e\u043f\u043e\u043b\u043e\u0436\u0435\u043d\u0438\u0435: Reiu k\u00fcla H\u00e4\u00e4demeeste v. 86508 P\u00e4rnumaa, Estonia \u0442\u0435\u043b.: +3725177789 \u0438 \u0430\u0434\u0440\u0435\u0441 \u044d\u043b\u0435\u043a\u0442\u0440\u043e\u043d\u043d\u043e\u0439 \u043f\u043e\u0447\u0442\u044b: info@etnoart.eu . \u0427\u0442\u043e \u0442\u0430\u043a\u043e\u0435 cookie-\u0444\u0430\u0439\u043b\u044b \u0438 \u043a\u0430\u043a\u0443\u044e \u043f\u043e\u043b\u044c\u0437\u0443 \u043e\u043d\u0438 \u043f\u0440\u0438\u043d\u043e\u0441\u044f\u0442 \u0412\u0430\u043c? Cookie-\u0444\u0430\u0439\u043b\u044b \u2013 \u044d\u0442\u043e \u043d\u0435\u0431\u043e\u043b\u044c\u0448\u0438\u0435 \u0442\u0435\u043a\u0441\u0442\u043e\u0432\u044b\u0435 \u0444\u0430\u0439\u043b\u044b, \u043a\u043e\u0442\u043e\u0440\u044b\u0435 \u0437\u0430\u043f\u0438\u0441\u044b\u0432\u0430\u044e\u0442\u0441\u044f \u0432 \u0431\u0440\u0430\u0443\u0437\u0435\u0440\u0435 \u0412\u0430\u0448\u0435\u0433\u043e \u0443\u0441\u0442\u0440\u043e\u0439\u0441\u0442\u0432\u0430 (\u043d\u0430\u043f\u0440\u0438\u043c\u0435\u0440, \u043a\u043e\u043c\u043f\u044c\u044e\u0442\u0435\u0440\u0430, [&hellip;]","og_url":"https:\/\/thorman.ee\/ru\/andmete-kasitlemine\/","og_site_name":"Thorman","article_publisher":"https:\/\/www.facebook.com\/pages\/Thorman\/244234893981","article_modified_time":"2020-05-02T08:28:20+00:00","twitter_card":"summary_large_image","schema":{"@context":"https:\/\/schema.org","@graph":[{"@type":"WebPage","@id":"https:\/\/thorman.ee\/ru\/andmete-kasitlemine\/","url":"https:\/\/thorman.ee\/ru\/andmete-kasitlemine\/","name":"\u041e\u0411\u0420\u0410\u0411\u041e\u0422\u041a\u0410 \u041b\u0418\u0427\u041d\u042b\u0425 \u0414\u0410\u041d\u041d\u042b\u0425 | Thorman","isPartOf":{"@id":"https:\/\/thorman.ee\/#website"},"datePublished":"2018-06-26T10:18:04+00:00","dateModified":"2020-05-02T08:28:20+00:00","inLanguage":"ru-RU","potentialAction":[{"@type":"ReadAction","target":["https:\/\/thorman.ee\/ru\/andmete-kasitlemine\/"]}]},{"@type":"WebSite","@id":"https:\/\/thorman.ee\/#website","url":"https:\/\/thorman.ee\/","name":"Thorman","description":"","potentialAction":[{"@type":"SearchAction","target":{"@type":"EntryPoint","urlTemplate":"https:\/\/thorman.ee\/?s={search_term_string}"},"query-input":{"@type":"PropertyValueSpecification","valueRequired":true,"valueName":"search_term_string"}}],"inLanguage":"ru-RU"}]}},"builder_content":"<h1 style=\"text-align: center;\">\u041e\u0411\u0420\u0410\u0411\u041e\u0422\u041a\u0410 \u041b\u0418\u0427\u041d\u042b\u0425 \u0414\u0410\u041d\u041d\u042b\u0425 <\/h1>\n<p>\u041e\u0442\u0432\u0435\u0442\u0441\u0442\u0432\u0435\u043d\u043d\u044b\u043c \u043e\u0431\u0440\u0430\u0431\u043e\u0442\u0447\u0438\u043a\u043e\u043c \u043b\u0438\u0447\u043d\u044b\u0445 \u0434\u0430\u043d\u043d\u044b\u0445 \u0438\u043d\u0442\u0435\u0440\u043d\u0435\u0442-\u043c\u0430\u0433\u0430\u0437\u0438\u043d\u0430 Thorman.ee \u044f\u0432\u043b\u044f\u0435\u0442\u0441\u044f EtnoArt O\u00dc (\u0440\u0435\u0433\u0438\u0441\u0442\u0440\u0430\u0446\u0438\u043e\u043d\u043d\u044b\u0439 \u043d\u043e\u043c\u0435\u0440: 11909374 ), \u043c\u0435\u0441\u0442\u043e\u043f\u043e\u043b\u043e\u0436\u0435\u043d\u0438\u0435: Reiu k\u00fcla<\/p><p>H\u00e4\u00e4demeeste v. 86508 P\u00e4rnumaa, Estonia<\/p><p>\u0442\u0435\u043b.: +3725177789 \u0438 \u0430\u0434\u0440\u0435\u0441 \u044d\u043b\u0435\u043a\u0442\u0440\u043e\u043d\u043d\u043e\u0439 \u043f\u043e\u0447\u0442\u044b: <a href=\"mailto:info@etnoart.eu\">info@etnoart.eu<\/a> .<\/p><p><strong>\u0427\u0442\u043e \u0442\u0430\u043a\u043e\u0435 cookie-\u0444\u0430\u0439\u043b\u044b \u0438 \u043a\u0430\u043a\u0443\u044e \u043f\u043e\u043b\u044c\u0437\u0443 \u043e\u043d\u0438 \u043f\u0440\u0438\u043d\u043e\u0441\u044f\u0442 \u0412\u0430\u043c?<\/strong><\/p><p>Cookie-\u0444\u0430\u0439\u043b\u044b \u2013 \u044d\u0442\u043e \u043d\u0435\u0431\u043e\u043b\u044c\u0448\u0438\u0435 \u0442\u0435\u043a\u0441\u0442\u043e\u0432\u044b\u0435 \u0444\u0430\u0439\u043b\u044b, \u043a\u043e\u0442\u043e\u0440\u044b\u0435 \u0437\u0430\u043f\u0438\u0441\u044b\u0432\u0430\u044e\u0442\u0441\u044f \u0432 \u0431\u0440\u0430\u0443\u0437\u0435\u0440\u0435 \u0412\u0430\u0448\u0435\u0433\u043e \u0443\u0441\u0442\u0440\u043e\u0439\u0441\u0442\u0432\u0430 (\u043d\u0430\u043f\u0440\u0438\u043c\u0435\u0440, \u043a\u043e\u043c\u043f\u044c\u044e\u0442\u0435\u0440\u0430, \u043c\u043e\u0431\u0438\u043b\u044c\u043d\u043e\u0433\u043e \u0442\u0435\u043b\u0435\u0444\u043e\u043d\u0430, \u043f\u043b\u0430\u043d\u0448\u0435\u0442\u0430), \u043a\u043e\u0433\u0434\u0430 \u0412\u044b \u043f\u043e\u0441\u0435\u0449\u0430\u0435\u0442\u0435 \u0432\u0435\u0431-\u0441\u0430\u0439\u0442\u044b. \u041e\u043d\u0438 \u0448\u0438\u0440\u043e\u043a\u043e \u0438\u0441\u043f\u043e\u043b\u044c\u0437\u0443\u044e\u0442\u0441\u044f \u0434\u043b\u044f \u043b\u0443\u0447\u0448\u0435\u0439 \u0438 \u0431\u043e\u043b\u0435\u0435 \u044d\u0444\u0444\u0435\u043a\u0442\u0438\u0432\u043d\u043e\u0439 \u0440\u0430\u0431\u043e\u0442\u044b \u0441\u0430\u0439\u0442\u043e\u0432.<\/p><p>Cookie-\u0444\u0430\u0439\u043b\u044b \u043f\u043e\u043c\u043e\u0433\u0430\u044e\u0442 \u043d\u0430\u043c:<\/p><ul><li>\u043d\u0430\u0441\u0442\u0440\u043e\u0438\u0442\u044c \u043d\u0430\u0448 \u0441\u0430\u0439\u0442 \u0432 \u0441\u043e\u043e\u0442\u0432\u0435\u0442\u0441\u0442\u0432\u0438\u0438 \u0441 \u0412\u0430\u0448\u0438\u043c\u0438 \u043e\u0436\u0438\u0434\u0430\u043d\u0438\u044f\u043c\u0438<\/li><li>\u0443\u0431\u0435\u0440\u0435\u0447\u044c \u0412\u0430\u0441 \u043e\u0442 \u043d\u0435\u043e\u0431\u0445\u043e\u0434\u0438\u043c\u043e\u0441\u0442\u0438 \u0437\u0430\u0445\u043e\u0434\u0438\u0442\u044c \u0432 \u0441\u0438\u0441\u0442\u0435\u043c\u0443 \u0441\u0430\u0439\u0442\u0430 \u043f\u0440\u0438 \u043a\u0430\u0436\u0434\u043e\u043c \u043f\u043e\u0441\u0435\u0449\u0435\u043d\u0438\u0438<\/li><li>\u0437\u0430\u043f\u043e\u043c\u043d\u0438\u0442\u044c \u0412\u0430\u0448\u0438 \u043d\u0430\u0441\u0442\u0440\u043e\u0439\u043a\u0438 \u0432\u043e \u0432\u0440\u0435\u043c\u044f \u043f\u043e\u0441\u0435\u0449\u0435\u043d\u0438\u0439 \u0438 \u043c\u0435\u0436\u0434\u0443 \u043d\u0438\u043c\u0438<\/li><li>\u043f\u043e\u0432\u044b\u0441\u0438\u0442\u044c \u0441\u043a\u043e\u0440\u043e\u0441\u0442\u044c \u0437\u0430\u0433\u0440\u0443\u0437\u043a\u0438\/\u0431\u0435\u0437\u043e\u043f\u0430\u0441\u043d\u043e\u0441\u0442\u044c \u0441\u0430\u0439\u0442\u0430<\/li><li>\u043f\u0440\u0435\u0434\u043e\u0441\u0442\u0430\u0432\u0438\u0442\u044c \u0412\u0430\u043c \u0432\u043e\u0437\u043c\u043e\u0436\u043d\u043e\u0441\u0442\u044c \u043f\u043e\u0434\u0435\u043b\u0438\u0442\u044c\u0441\u044f \u0441\u0442\u0440\u0430\u043d\u0438\u0446\u0435\u0439 \u0432 \u0441\u043e\u0446\u0438\u0430\u043b\u044c\u043d\u044b\u0445 \u0441\u0435\u0442\u044f\u0445, \u043d\u0430\u043f\u0440\u0438\u043c\u0435\u0440, Facebook, Twitter, LinkedIn<\/li><li>\u043f\u0435\u0440\u0441\u043e\u043d\u0430\u043b\u0438\u0437\u0438\u0440\u043e\u0432\u0430\u0442\u044c \u0441\u0430\u0439\u0442 \u043f\u043e\u0441\u043b\u0435 \u0432\u0445\u043e\u0434\u0430 \u0432 \u0441\u0438\u0441\u0442\u0435\u043c\u0443, \u0447\u0442\u043e\u0431\u044b \u0412\u044b \u043c\u043e\u0433\u043b\u0438 \u0431\u044b\u0441\u0442\u0440\u0435\u0435 \u043d\u0430\u0439\u0442\u0438 \u043d\u0443\u0436\u043d\u043e\u0435 \u0412\u0430\u043c<\/li><li>\u043f\u043e\u0441\u0442\u043e\u044f\u043d\u043d\u043e \u043f\u043e\u043f\u043e\u043b\u043d\u044f\u0442\u044c \u0441\u0432\u043e\u0439 \u0441\u0430\u0439\u0442 \u0434\u043b\u044f \u0412\u0430\u0441<\/li><li>\u043f\u043e\u0432\u044b\u0448\u0430\u0442\u044c \u044d\u0444\u0444\u0435\u043a\u0442\u0438\u0432\u043d\u043e\u0441\u0442\u044c \u043c\u0430\u0440\u043a\u0435\u0442\u0438\u043d\u0433\u0430<\/li><\/ul>","_links":{"self":[{"href":"https:\/\/thorman.ee\/ru\/wp-json\/wp\/v2\/pages\/1661","targetHints":{"allow":["GET"]}}],"collection":[{"href":"https:\/\/thorman.ee\/ru\/wp-json\/wp\/v2\/pages"}],"about":[{"href":"https:\/\/thorman.ee\/ru\/wp-json\/wp\/v2\/types\/page"}],"author":[{"embeddable":true,"href":"https:\/\/thorman.ee\/ru\/wp-json\/wp\/v2\/users\/1"}],"replies":[{"embeddable":true,"href":"https:\/\/thorman.ee\/ru\/wp-json\/wp\/v2\/comments?post=1661"}],"version-history":[{"count":10,"href":"https:\/\/thorman.ee\/ru\/wp-json\/wp\/v2\/pages\/1661\/revisions"}],"predecessor-version":[{"id":2367,"href":"https:\/\/thorman.ee\/ru\/wp-json\/wp\/v2\/pages\/1661\/revisions\/2367"}],"wp:attachment":[{"href":"https:\/\/thorman.ee\/ru\/wp-json\/wp\/v2\/media?parent=1661"}],"curies":[{"name":"wp","href":"https:\/\/api.w.org\/{rel}","templated":true}]}}